{"id":649,"date":"2025-03-26T09:51:19","date_gmt":"2025-03-26T08:51:19","guid":{"rendered":"https:\/\/www.boardridingpass.com\/?page_id=649"},"modified":"2025-04-14T11:13:55","modified_gmt":"2025-04-14T09:13:55","slug":"notes-de-version","status":"publish","type":"page","link":"https:\/\/www.boardridingpass.com\/index.php\/notes-de-version\/","title":{"rendered":"Notes de version"},"content":{"rendered":"    <div style=\"--changeloger-pagination-text-color: #ffffff; --changeloger-pagination-bg-color: #000000; --changeloger-pagination-active-text-color: #000000; --changeloger-pagination-active-bg-color: #f5f5f5; --changeloger-pagination-hover-text-color: #ffffff; --changeloger-pagination-hover-bg-color: #333333; \" class=\"wp-block-block-changeloger changeloger-container wp-block-block-changeloger\" data-id=\"16887\"            data-total-page=\" 1\"\r\n            data-per-page=\"10\"\r\n            data-enable-pagination=\"false\"\r\n            data-pagination-type=\"load-more\">\r\n        <div class=\"changelog-wrapper\">\r\n            \r\n            <div class=\"changeloger-info-inner-wrapper\">\r\n                <div class=\"changeloger-items\">\r\n                                                <div id=\"1.0.1\" class=\"changelog-info-item\">\r\n                                <div class=\"date\">\r\n                                    <span>14 April 2025<\/span>\r\n                                                                            <span>Diatom Teal<\/span>\r\n                                                                    <\/div>\r\n                                <div class=\"version\">\r\n                                    <span class=\"version-tag\">1.0.1<\/span>\r\n                                    <span class=\"line\"><\/span>\r\n                                <\/div>\r\n                                <div class=\"content\">\r\n                                                                                <p>\r\n                                                <span class=\"tag new\"\r\n                                                    >\r\n                                                    New                                                <\/span>\r\n                                                <span class=\"change\">\r\n                                                    Activated online equipment registration form with drag-and-drop file upload and automatic WebP image conversion.                                                <\/span>\r\n                                            <\/p>\r\n                                                                                        <p>\r\n                                                <span class=\"tag new\"\r\n                                                    >\r\n                                                    New                                                <\/span>\r\n                                                <span class=\"change\">\r\n                                                    Each registered item now receives a unique equipment ID for better traceability.                                                <\/span>\r\n                                            <\/p>\r\n                                                                                        <p>\r\n                                                <span class=\"tag new\"\r\n                                                    >\r\n                                                    New                                                <\/span>\r\n                                                <span class=\"change\">\r\n                                                    Automatic confirmation email sent to users upon successful submission.                                                <\/span>\r\n                                            <\/p>\r\n                                                                                        <p>\r\n                                                <span class=\"tag improvement\"\r\n                                                    >\r\n                                                    Improvement                                                <\/span>\r\n                                                <span class=\"change\">\r\n                                                    Initial launch to production to identify and evaluate real-world technical issues.                                                <\/span>\r\n                                            <\/p>\r\n                                                                                        <p>\r\n                                                <span class=\"tag in-progress\"\r\n                                                    >\r\n                                                    In Progress                                                <\/span>\r\n                                                <span class=\"change\">\r\n                                                    Development of a user-facing interface to view registered equipment details.                                                <\/span>\r\n                                            <\/p>\r\n                                                                            <\/div>\r\n                            <\/div>\r\n                                                        <div id=\"1.0.0\" class=\"changelog-info-item\">\r\n                                <div class=\"date\">\r\n                                    <span>24 March 2025<\/span>\r\n                                                                            <span>Diatom Teal<\/span>\r\n                                                                    <\/div>\r\n                                <div class=\"version\">\r\n                                    <span class=\"version-tag\">1.0.0<\/span>\r\n                                    <span class=\"line\"><\/span>\r\n                                <\/div>\r\n                                <div class=\"content\">\r\n                                                                                <p>\r\n                                                <span class=\"tag new\"\r\n                                                    >\r\n                                                    New                                                <\/span>\r\n                                                <span class=\"change\">\r\n                                                    Added a complete user submission form in PHP to allow users to upload equipment data into a MySQL database.                                                <\/span>\r\n                                            <\/p>\r\n                                                                                        <p>\r\n                                                <span class=\"tag improvement\"\r\n                                                    >\r\n                                                    Improvement                                                <\/span>\r\n                                                <span class=\"change\">\r\n                                                    Designed a clear step-by-step user journey for smoother equipment registration experience.                                                <\/span>\r\n                                            <\/p>\r\n                                                                                        <p>\r\n                                                <span class=\"tag tweaked\"\r\n                                                    >\r\n                                                    Tweaked                                                <\/span>\r\n                                                <span class=\"change\">\r\n                                                    Refined form input validations to prevent incomplete or incorrect submissions.                                                <\/span>\r\n                                            <\/p>\r\n                                                                                        <p>\r\n                                                <span class=\"tag fixed\"\r\n                                                    >\r\n                                                    Fixed                                                <\/span>\r\n                                                <span class=\"change\">\r\n                                                    Resolved an issue with MySQL container connection when running on local Docker.                                                <\/span>\r\n                                            <\/p>\r\n                                                                                        <p>\r\n                                                <span class=\"tag updated\"\r\n                                                    >\r\n                                                    Updated                                                <\/span>\r\n                                                <span class=\"change\">\r\n                                                    Included Docker Compose setup for easy local development and testing of PHP, MySQL, and Apache services.                                                <\/span>\r\n                                            <\/p>\r\n                                                                                        <p>\r\n                                                <span class=\"tag improvement\"\r\n                                                    >\r\n                                                    Improvement                                                <\/span>\r\n                                                <span class=\"change\">\r\n                                                    Streamlined database schema to better accommodate future equipment metadata                                                <\/span>\r\n                                            <\/p>\r\n                                                                                    <div class=\"changeloger-link-wrapper\">\r\n                                                                                                <div class=\"changeloger-link-item\">\r\n                                                        <a href=\"#\" class=\"changeloger-custom-link\" target=\"_blank\">\r\n                                                                                                                        Link                                                        <\/a>\r\n                                                    <\/div>\r\n                                                                                            <\/div>\r\n                                                                        <\/div>\r\n                            <\/div>\r\n                                            <\/div>\r\n\r\n                            <\/div>\r\n\r\n                            <div class=\"changeloger-version-list-container changeloger-version-list-position-right\">\r\n                    <h6 class=\"version-title\">Version<\/h6>\r\n                    \r\n    <ul class=\"changeloger-version-list-wrapper\">\r\n                        <li class=\"changeloger-version-list-main-item\">\r\n                    <a href=\"#1.0.1\">\r\n                        Version 1.0.1                    <\/a>\r\n                                    <\/li>\r\n                                <li class=\"changeloger-version-list-main-item\">\r\n                    <a href=\"#1.0.0\">\r\n                        Version 1.0.0                    <\/a>\r\n                                    <\/li>\r\n                    <\/ul>\r\n                    <\/div>\r\n                    <\/div>\r\n\r\n    <\/div>\r\n    \n\n\n<hr class=\"wp-block-separator has-alpha-channel-opacity\"\/>\n\n\n\n<h2 class=\"wp-block-heading\">Notre calendrier<\/h2>\n\n\n\n<div id=\"wp-block-themeisle-blocks-timeline-cc344e1d\" class=\"wp-block-themeisle-blocks-timeline\"><div class=\"o-timeline-root\">\n<div id=\"wp-block-themeisle-blocks-timeline-item-973108b2\" class=\"wp-block-themeisle-blocks-timeline-item\"><div class=\"o-timeline-container\"><div class=\"o-timeline-icon\"><i class=\"fas fa-circle\"><\/i><\/div><div class=\"o-timeline-content\">\n<p class=\"has-small-font-size\">Mars &#8211; Avril 2025<\/p>\n\n\n\n<h3 class=\"wp-block-heading\">Diatom Teal<\/h3>\n\n\n\n<p>Lancement du POC et d\u00e9marrage de la collecte de donn\u00e9es pour construire l&#8217;architecture du DPP.<\/p>\n<\/div><\/div><\/div>\n\n\n\n<div id=\"wp-block-themeisle-blocks-timeline-item-810104b5\" class=\"wp-block-themeisle-blocks-timeline-item\"><div class=\"o-timeline-container\"><div class=\"o-timeline-icon\"><i class=\"fas fa-circle\"><\/i><\/div><div class=\"o-timeline-content\">\n<p class=\"has-small-font-size\">Avril &#8211; Mai 2025<\/p>\n\n\n\n<h3 class=\"wp-block-heading\">CoralEye<\/h3>\n\n\n\n<p>A partir des donn\u00e9es collect\u00e9es et d&#8217;un historique d&#8217;images de mat\u00e9riel d&#8217;occasion, d\u00e9veloppement d&#8217;un mod\u00e8le de reconnaissance automatique des produits.<\/p>\n<\/div><\/div><\/div>\n\n\n\n<div id=\"wp-block-themeisle-blocks-timeline-item-ff43d609\" class=\"wp-block-themeisle-blocks-timeline-item\"><div class=\"o-timeline-container\"><div class=\"o-timeline-icon\"><i class=\"fas fa-circle\"><\/i><\/div><div class=\"o-timeline-content\">\n<p class=\"has-small-font-size\">Avril &#8211; Mai 2025<\/p>\n\n\n\n<h3 class=\"wp-block-heading\">Legacy<\/h3>\n\n\n\n<p>Reconstruction du catalogue complet des produits mis en march\u00e9 depuis 2000 pour le Windsurf.<\/p>\n<\/div><\/div><\/div>\n\n\n\n<div id=\"wp-block-themeisle-blocks-timeline-item-7e5a530c\" class=\"wp-block-themeisle-blocks-timeline-item\"><div class=\"o-timeline-container\"><div class=\"o-timeline-icon\"><i class=\"fas fa-circle\"><\/i><\/div><div class=\"o-timeline-content\">\n<p class=\"has-small-font-size\">Juin &#8211; Juillet 2025<\/p>\n\n\n\n<h3 class=\"wp-block-heading\">Test &amp; Lancement de l&#8217;App<\/h3>\n\n\n\n<p>Coffre fort num\u00e9rique et premi\u00e8res fonctionnalit\u00e9s li\u00e9es \u00e0 l&#8217;aspect s\u00e9curit\u00e9 (marquage du mat\u00e9riel &amp; premiers secours)<\/p>\n<\/div><\/div><\/div>\n<\/div><\/div>\n\n\n\n<hr class=\"wp-block-separator has-alpha-channel-opacity\"\/>\n\n\n\n<div id=\"wp-block-themeisle-blocks-slider-ca728d61\" class=\"wp-block-themeisle-blocks-slider glide\" data-per-view=\"1\" data-gap=\"0\" data-peek=\"0\" data-autoplay=\"true\" data-height=\"400px\" data-hide-arrows=\"false\"><div class=\"glide__track\" data-glide-el=\"track\"><div class=\"glide__slides\"><div class=\"wp-block-themeisle-blocks-slider-item-wrapper glide__slide\" tabindex=\"0\"><figure><img decoding=\"async\" class=\"wp-block-themeisle-blocks-slider-item\" src=\"https:\/\/www.boardridingpass.com\/wp-content\/uploads\/2025\/03\/DALL\u00b7E-2025-03-29-10.38.29-Minimal-and-clean-tech-style-logo-design-in-Diatom-White-color-on-a-rich-teal-background.-No-text-or-symbols-just-an-abstract-minimal-composition.-Th.webp\" alt=\"\" title=\"\" data-id=\"916\"\/><figcaption>Diatom Teal<\/figcaption><\/figure><\/div><div class=\"wp-block-themeisle-blocks-slider-item-wrapper glide__slide\" tabindex=\"0\"><figure><img decoding=\"async\" class=\"wp-block-themeisle-blocks-slider-item\" src=\"https:\/\/www.boardridingpass.com\/wp-content\/uploads\/2025\/03\/DALL\u00b7E-2025-03-29-10.35.52-A-tech-style-logo-for-an-AI-image-recognition-software.-The-design-features-a-square-shape-with-a-realistic-detailed-human-eye-in-the-center.-The-bac.webp\" alt=\"\" title=\"\" data-id=\"915\"\/><figcaption>Coral Eye<\/figcaption><\/figure><\/div><\/div><div class=\"glide__bullets\" data-glide-el=\"controls[nav]\"><button class=\"glide__bullet\" data-glide-dir=\"=0\"><\/button><button class=\"glide__bullet\" data-glide-dir=\"=1\"><\/button><\/div><\/div><\/div>\n","protected":false},"excerpt":{"rendered":"<p>Notre calendrier<\/p>\n","protected":false},"author":1,"featured_media":496,"parent":0,"menu_order":0,"comment_status":"closed","ping_status":"closed","template":"","meta":{"neve_meta_sidebar":"","neve_meta_container":"","neve_meta_enable_content_width":"","neve_meta_content_width":0,"neve_meta_title_alignment":"","neve_meta_author_avatar":"","neve_post_elements_order":"","neve_meta_disable_header":"","neve_meta_disable_footer":"","neve_meta_disable_title":"","_themeisle_gutenberg_block_has_review":false,"footnotes":""},"class_list":["post-649","page","type-page","status-publish","has-post-thumbnail","hentry"],"_links":{"self":[{"href":"https:\/\/www.boardridingpass.com\/index.php\/wp-json\/wp\/v2\/pages\/649","targetHints":{"allow":["GET"]}}],"collection":[{"href":"https:\/\/www.boardridingpass.com\/index.php\/wp-json\/wp\/v2\/pages"}],"about":[{"href":"https:\/\/www.boardridingpass.com\/index.php\/wp-json\/wp\/v2\/types\/page"}],"author":[{"embeddable":true,"href":"https:\/\/www.boardridingpass.com\/index.php\/wp-json\/wp\/v2\/users\/1"}],"replies":[{"embeddable":true,"href":"https:\/\/www.boardridingpass.com\/index.php\/wp-json\/wp\/v2\/comments?post=649"}],"version-history":[{"count":11,"href":"https:\/\/www.boardridingpass.com\/index.php\/wp-json\/wp\/v2\/pages\/649\/revisions"}],"predecessor-version":[{"id":1006,"href":"https:\/\/www.boardridingpass.com\/index.php\/wp-json\/wp\/v2\/pages\/649\/revisions\/1006"}],"wp:featuredmedia":[{"embeddable":true,"href":"https:\/\/www.boardridingpass.com\/index.php\/wp-json\/wp\/v2\/media\/496"}],"wp:attachment":[{"href":"https:\/\/www.boardridingpass.com\/index.php\/wp-json\/wp\/v2\/media?parent=649"}],"curies":[{"name":"wp","href":"https:\/\/api.w.org\/{rel}","templated":true}]}}