{"id":419,"date":"2025-02-03T20:39:27","date_gmt":"2025-02-03T19:39:27","guid":{"rendered":"https:\/\/www.boardridingpass.com\/?page_id=419"},"modified":"2025-03-27T16:38:45","modified_gmt":"2025-03-27T15:38:45","slug":"boardriding-pass","status":"publish","type":"page","link":"https:\/\/www.boardridingpass.com\/index.php\/boardriding-pass\/","title":{"rendered":"BOARDRIDING PASS"},"content":{"rendered":"\n<h2 class=\"wp-block-heading\">Une innovation pour la communaut\u00e9 des sports de glisse<\/h2>\n\n\n\n<p>Le BoardRiding Pass est une initiative in\u00e9dite d\u00e9velopp\u00e9e par Archipelago pour r\u00e9volutionner la pratique des sports de glisse en alliant acc\u00e8s facilit\u00e9 \u00e0 une information fiable, \u00e9conomie circulaire et protection de l\u2019environnement.<\/p>\n\n\n\n<h3 class=\"wp-block-heading\">Pourquoi ce projet ?<\/h3>\n\n\n\n<p>Aujourd\u2019hui, la pratique des sports de glisse repose sur un mod\u00e8le de consommation lin\u00e9aire : acheter \u2013 utiliser \u2013 jeter ou stocker. Pourtant, de nombreux \u00e9quipements ont une dur\u00e9e de vie bien plus longue et pourraient \u00eatre mieux exploit\u00e9s \u00e0 travers un syst\u00e8me de partage, de r\u00e9utilisation et de maintenance intelligente. Le BoardRiding Pass r\u00e9pond \u00e0 cette probl\u00e9matique en offrant un acc\u00e8s simplifi\u00e9 et structur\u00e9 aux \u00e9quipements et aux services tout en int\u00e9grant des principes d\u2019\u00e9conomie circulaire.<\/p>\n\n\n\n<h3 class=\"wp-block-heading\">Les objectifs du BoardRiding Pass :<\/h3>\n\n\n\n<ul class=\"wp-block-list\">\n<li><strong>Encourager un usage plus responsable des \u00e9quipements<\/strong><br><em>D\u00e9velopper la location, la seconde main et l\u2019entretien pr\u00e9ventif pour prolonger la dur\u00e9e de vie du mat\u00e9riel.<\/em><\/li>\n\n\n\n<li><strong>Faciliter la tra\u00e7abilit\u00e9 des produits<\/strong><br><em>Assurer un suivi transparent du cycle de vie des planches, voiles et accessoires gr\u00e2ce \u00e0 des outils num\u00e9riques<\/em><\/li>\n\n\n\n<li><strong>F\u00e9d\u00e9rer la communaut\u00e9 des riders autour d\u2019une vision durable<\/strong><br><em>Sensibiliser et impliquer les pratiquants pour une glisse plus collective et engag\u00e9e.<\/em><\/li>\n\n\n\n<li><strong>Soutenir les acteurs locaux<\/strong><br><em>Valoriser les magasins, shapers, \u00e9coles et loueurs qui adoptent des pratiques responsables.<\/em><\/li>\n\n\n\n<li><strong>Impliquer les marques et fabricants<\/strong><br><em>Les engager dans l\u2019am\u00e9lioration continue des produits et des pratiques commerciales.<\/em><\/li>\n<\/ul>\n\n\n\n<figure class=\"wp-block-image\"><img decoding=\"async\" src=\"https:\/\/www.archipelago.bzh\/wp-content\/uploads\/2025\/02\/Sans-titre-1-copie-1024x1024.jpg\" alt=\"\" class=\"wp-image-286\"\/><\/figure>\n\n\n\n<p><strong>En cr\u00e9ant un \u00e9cosyst\u00e8me connect\u00e9 et structur\u00e9, nous permettons aux passionn\u00e9s d\u2019avoir acc\u00e8s au bon \u00e9quipement, au bon moment, tout en r\u00e9duisant l\u2019impact environnemental du secteur.<\/strong><\/p>\n\n\n\n<p>Et pour cela nous allons d\u00e9velopper la premi\u00e8re exp\u00e9rimentation du Passeport Digital des Produits sur un march\u00e9 embl\u00e9matique des sports de glisse : le windsurf.<\/p>\n\n\n\n<h3 class=\"wp-block-heading\">D\u00e9j\u00e0, qu\u2019est-ce que le Passeport Digital des Produits ?<\/h3>\n\n\n\n<p>C\u2019est une innovation qui permet de suivre le cycle de vie complet d\u2019un \u00e9quipement, depuis sa fabrication jusqu\u2019\u00e0 sa r\u00e9utilisation, en passant par son entretien et ses \u00e9ventuelles r\u00e9parations.<\/p>\n\n\n\n<p>Gr\u00e2ce \u00e0 ce passeport num\u00e9rique, chaque planche, voile ou foil pourra \u00eatre :<\/p>\n\n\n\n<ul class=\"wp-block-list\">\n<li>Identifi\u00e9 avec pr\u00e9cision (marque, mod\u00e8le, ann\u00e9e de fabrication, mat\u00e9riau)<\/li>\n\n\n\n<li>Associ\u00e9 \u00e0 son historique d\u2019usage (entretien, r\u00e9parations, ancien(s) propri\u00e9taire(s))<\/li>\n\n\n\n<li>Valoris\u00e9 sur le march\u00e9 de la seconde main gr\u00e2ce \u00e0 une tra\u00e7abilit\u00e9 transparente<\/li>\n\n\n\n<li>Connect\u00e9 \u00e0 la communaut\u00e9 des riders pour encourager l\u2019\u00e9change et l\u2019\u00e9conomie circulaire<\/li>\n<\/ul>\n\n\n\n<h3 class=\"wp-block-heading\">Pourquoi commencer par le windsurf ?<\/h3>\n\n\n\n<p>La communaut\u00e9 windsurf est l\u2019une des plus engag\u00e9es dans le monde des sports de glisse. Ces passionn\u00e9s sont profond\u00e9ment connect\u00e9s \u00e0 l\u2019environnement et mobilisables autour d\u2019initiatives visant \u00e0 r\u00e9duire l\u2019impact \u00e9cologique de leur pratique.<\/p>\n\n\n\n<p>Le windsurf est aussi un march\u00e9 pertinent pour cette exp\u00e9rimentation car :<\/p>\n\n\n\n<ul class=\"wp-block-list\">\n<li>Les \u00e9quipements sont techniques et co\u00fbteux, n\u00e9cessitant un entretien suivi pour \u00eatre utilis\u00e9s sur le long terme<\/li>\n\n\n\n<li>Le march\u00e9 de l\u2019occasion est d\u00e9j\u00e0 dynamique, mais manque de transparence et de fiabilit\u00e9<\/li>\n\n\n\n<li>Les riders sont attach\u00e9s \u00e0 leur mat\u00e9riel, et voir son historique renforcera la confiance lors des transactions<\/li>\n<\/ul>\n\n\n\n<p>Gr\u00e2ce \u00e0 ce projet pilote, nous allons tester en conditions r\u00e9elles le fonctionnement du Passeport Digital des Produits et valider son impact sur l\u2019usage et la transmission des \u00e9quipements.<\/p>\n\n\n\n<p>Aujourd\u2019hui BoardRiding passe cherche \u00e0 d\u00e9velopper et tester un&nbsp;<strong>prototype fonctionnel du Passeport Digital<\/strong>&nbsp;avec des entreprises locales qui nous ont accompagn\u00e9 sur la premi\u00e8re phase de recherche &amp; d\u00e9veloppement. Et pour cela, nous avons besoin de votre soutien! Nous avons ouvert une cagnotte&nbsp;<strong>Kengo<\/strong>&nbsp;pour atteindre nos objectifs mais aussi pour les d\u00e9velopper notre solution &amp; l\u2019appliquer \u00e0 bien d\u2019autres d\u2019autres disciplines des sports outdoor et au-del\u00e0.&nbsp;<strong>Chaque palier de collecte<\/strong>&nbsp;permettra d\u2019ouvrir le BoardRiding Pass \u00e0 un sport suppl\u00e9mentaire : Wingfoil, Kitesurf, Surf\u2026<\/p>\n\n\n\n<p><\/p>\n","protected":false},"excerpt":{"rendered":"<p>Une innovation pour la communaut\u00e9 des sports de glisse Le BoardRiding Pass est une initiative in\u00e9dite d\u00e9velopp\u00e9e par Archipelago pour r\u00e9volutionner la pratique des sports de glisse en alliant acc\u00e8s facilit\u00e9 \u00e0 une information fiable, \u00e9conomie circulaire et protection de l\u2019environnement. Pourquoi ce projet ? Aujourd\u2019hui, la pratique des sports de glisse repose sur un&hellip;&nbsp;<a href=\"https:\/\/www.boardridingpass.com\/index.php\/boardriding-pass\/\" rel=\"bookmark\">Lire la suite &raquo;<span class=\"screen-reader-text\">BOARDRIDING PASS<\/span><\/a><\/p>\n","protected":false},"author":1,"featured_media":704,"parent":0,"menu_order":0,"comment_status":"closed","ping_status":"closed","template":"","meta":{"neve_meta_sidebar":"","neve_meta_container":"","neve_meta_enable_content_width":"","neve_meta_content_width":0,"neve_meta_title_alignment":"","neve_meta_author_avatar":"","neve_post_elements_order":"","neve_meta_disable_header":"","neve_meta_disable_footer":"","neve_meta_disable_title":"","_themeisle_gutenberg_block_has_review":false,"footnotes":""},"class_list":["post-419","page","type-page","status-publish","has-post-thumbnail","hentry"],"_links":{"self":[{"href":"https:\/\/www.boardridingpass.com\/index.php\/wp-json\/wp\/v2\/pages\/419","targetHints":{"allow":["GET"]}}],"collection":[{"href":"https:\/\/www.boardridingpass.com\/index.php\/wp-json\/wp\/v2\/pages"}],"about":[{"href":"https:\/\/www.boardridingpass.com\/index.php\/wp-json\/wp\/v2\/types\/page"}],"author":[{"embeddable":true,"href":"https:\/\/www.boardridingpass.com\/index.php\/wp-json\/wp\/v2\/users\/1"}],"replies":[{"embeddable":true,"href":"https:\/\/www.boardridingpass.com\/index.php\/wp-json\/wp\/v2\/comments?post=419"}],"version-history":[{"count":3,"href":"https:\/\/www.boardridingpass.com\/index.php\/wp-json\/wp\/v2\/pages\/419\/revisions"}],"predecessor-version":[{"id":550,"href":"https:\/\/www.boardridingpass.com\/index.php\/wp-json\/wp\/v2\/pages\/419\/revisions\/550"}],"wp:featuredmedia":[{"embeddable":true,"href":"https:\/\/www.boardridingpass.com\/index.php\/wp-json\/wp\/v2\/media\/704"}],"wp:attachment":[{"href":"https:\/\/www.boardridingpass.com\/index.php\/wp-json\/wp\/v2\/media?parent=419"}],"curies":[{"name":"wp","href":"https:\/\/api.w.org\/{rel}","templated":true}]}}