{"id":415,"date":"2025-02-03T20:38:18","date_gmt":"2025-02-03T19:38:18","guid":{"rendered":"https:\/\/www.boardridingpass.com\/?page_id=415"},"modified":"2025-04-09T08:26:28","modified_gmt":"2025-04-09T06:26:28","slug":"shop","status":"publish","type":"page","link":"https:\/\/www.boardridingpass.com\/index.php\/shop\/","title":{"rendered":"SHOP"},"content":{"rendered":"\n<section id=\"wp-block-themeisle-blocks-advanced-columns-dab9e0bf\" class=\"wp-block-themeisle-blocks-advanced-columns alignfull has-1-columns has-desktop-equal-layout has-tablet-equal-layout has-mobile-equal-layout has-vertical-flex-start\"><div class=\"wp-block-themeisle-blocks-advanced-columns-overlay\"><\/div><div class=\"innerblocks-wrap\">\n<div id=\"wp-block-themeisle-blocks-advanced-column-9df22226\" class=\"wp-block-themeisle-blocks-advanced-column\">\n<section id=\"wp-block-themeisle-blocks-advanced-columns-25c95699\" class=\"wp-block-themeisle-blocks-advanced-columns has-1-columns has-desktop-equal-layout has-tablet-equal-layout has-mobile-collapsedRows-layout has-vertical-flex-start\"><div class=\"wp-block-themeisle-blocks-advanced-columns-overlay\"><\/div><div class=\"innerblocks-wrap\">\n<div id=\"wp-block-themeisle-blocks-advanced-column-d4d9a4f8\" class=\"wp-block-themeisle-blocks-advanced-column\">\n<h2 class=\"wp-block-heading has-text-align-center has-text-color has-link-color has-x-large-font-size wp-elements-d51322d89fa1af4adcd7a05e3c0b872d\" style=\"color:#3f3d3d\">Une solution simple et performante pour valoriser vos produits et vos clients<\/h2>\n\n\n\n<p>Dans un environnement o\u00f9 chaque interaction compte, offrir \u00e0 vos clients des produits bien document\u00e9s, tra\u00e7ables et connect\u00e9s \u00e0 une exp\u00e9rience personnalis\u00e9e devient un v\u00e9ritable levier de diff\u00e9renciation. Gr\u00e2ce \u00e0 une base de donn\u00e9es produits partag\u00e9e, constamment enrichie et \u00e0 jour, vous acc\u00e9dez en temps r\u00e9el \u00e0 toutes les informations essentielles : descriptifs complets, visuels, d\u00e9clinaisons, engagements de la marque\u2026 tout est l\u00e0 pour am\u00e9liorer la vente, la communication et le service apr\u00e8s-vente.<\/p>\n\n\n\n<p>D\u00e8s l\u2019enregistrement d\u2019un produit en magasin, vous pouvez associer \u00e0 chaque article un <strong>sticker personnalis\u00e9 aux couleurs du BoardRiding Pass<\/strong>, g\u00e9n\u00e9rant un lien unique entre le client et son produit. Cela vous permet non seulement de proposer une exp\u00e9rience de fid\u00e9lisation moderne, mais aussi de centraliser des services pratiques : suivi de garantie, historique, alertes personnalis\u00e9es, ou rappels produit. M\u00eame en marque blanche, vos produits peuvent ainsi \u00eatre connect\u00e9s \u00e0 un environnement riche et \u00e9volutif, sans complexit\u00e9.<\/p>\n\n\n\n<p>En tant que magasin r\u00e9f\u00e9renc\u00e9, vous \u00eates reconnu comme un <strong>tiers de confiance<\/strong> aupr\u00e8s de vos clients. C\u2019est vous qui \u00eates au centre de l\u2019exp\u00e9rience, tout en b\u00e9n\u00e9ficiant des avantages d\u2019une solution mutualis\u00e9e. \u00c0 travers votre <strong>abonnement mensuel<\/strong>, vous acc\u00e9dez \u00e0 une suite de services concrets : g\u00e9n\u00e9ration automatis\u00e9e de rapports d\u2019activit\u00e9, acc\u00e8s au <strong>livre de police pour les produits d\u2019occasion<\/strong>, transmission de <strong>donn\u00e9es sectorielles anonymis\u00e9es<\/strong> pour mieux piloter votre offre, et mise en place de <strong>sc\u00e9narios automatis\u00e9s pour le support client<\/strong>, comme les r\u00e9ponses SAV ou les rappels produits.<\/p>\n\n\n\n<p>Chaque action devient plus rapide, plus fluide, plus fiable. Vous gagnez en temps, en coh\u00e9rence, et en qualit\u00e9 de service. Vos clients, eux, b\u00e9n\u00e9ficient d\u2019un accueil personnalis\u00e9, de produits mieux valoris\u00e9s, et d\u2019un lien renforc\u00e9 avec votre magasin, au-del\u00e0 de l\u2019acte d\u2019achat.<\/p>\n<\/div>\n<\/div><\/section>\n\n\n\n<section id=\"wp-block-themeisle-blocks-advanced-columns-b56443a0\" class=\"wp-block-themeisle-blocks-advanced-columns has-2-columns has-desktop-equal-layout has-tablet-equal-layout has-mobile-collapsedRows-layout has-vertical-flex-start\"><div class=\"wp-block-themeisle-blocks-advanced-columns-overlay\"><\/div><div class=\"innerblocks-wrap\">\n<div id=\"wp-block-themeisle-blocks-advanced-column-f8505509\" class=\"wp-block-themeisle-blocks-advanced-column has-light-bg\">\n<h3 id=\"wp-block-themeisle-blocks-advanced-heading-79a27878\" class=\"wp-block-themeisle-blocks-advanced-heading wp-block-themeisle-blocks-advanced-heading-79a27878\">Frais d&#8217;installation<\/h3>\n\n\n\n<h2 id=\"wp-block-themeisle-blocks-advanced-heading-695ae192\" class=\"wp-block-themeisle-blocks-advanced-heading wp-block-themeisle-blocks-advanced-heading-695ae192\">750 \u20ac<\/h2>\n\n\n\n<p id=\"wp-block-themeisle-blocks-advanced-heading-30dd530d\" class=\"wp-block-themeisle-blocks-advanced-heading wp-block-themeisle-blocks-advanced-heading-30dd530d\">Ce que vous gagnez d\u00e8s l\u2019int\u00e9gration du syst\u00e8me<\/p>\n\n\n\n<hr class=\"wp-block-separator has-text-color has-nv-site-bg-color has-css-opacity has-nv-site-bg-background-color has-background\"\/>\n\n\n\n<div id=\"wp-block-themeisle-blocks-icon-list-a782a356\" class=\"wp-block-themeisle-blocks-icon-list\">\n<div id=\"wp-block-themeisle-blocks-icon-list-item-d5601ac9\" class=\"wp-block-themeisle-blocks-icon-list-item\"><i class=\"fas fa-check wp-block-themeisle-blocks-icon-list-item-icon-custom\"><\/i><p class=\"wp-block-themeisle-blocks-icon-list-item-content-custom\">Acc\u00e8s \u00e0 la base de donn\u00e9es produits<\/p><\/div>\n\n\n\n<div id=\"wp-block-themeisle-blocks-icon-list-item-bcde519d\" class=\"wp-block-themeisle-blocks-icon-list-item\"><i class=\"fas fa-check wp-block-themeisle-blocks-icon-list-item-icon-custom\"><\/i><p class=\"wp-block-themeisle-blocks-icon-list-item-content\">Stickers BoardRiding Pass personnalis\u00e9s pour vos clients<\/p><\/div>\n\n\n\n<div id=\"wp-block-themeisle-blocks-icon-list-item-b9ac9dc4\" class=\"wp-block-themeisle-blocks-icon-list-item\"><i class=\"fas fa-check wp-block-themeisle-blocks-icon-list-item-icon-custom\"><\/i><p class=\"wp-block-themeisle-blocks-icon-list-item-content-custom\">Enregistrement des produits en marque blanche<\/p><\/div>\n\n\n\n<div id=\"wp-block-themeisle-blocks-icon-list-item-f416b8a0\" class=\"wp-block-themeisle-blocks-icon-list-item\"><i class=\"fas fa-check wp-block-themeisle-blocks-icon-list-item-icon-custom\"><\/i><p class=\"wp-block-themeisle-blocks-icon-list-item-content-custom\">R\u00e9f\u00e9rencement comme tiers de confiance<\/p><\/div>\n<\/div>\n<\/div>\n\n\n\n<div id=\"wp-block-themeisle-blocks-advanced-column-43c95925\" class=\"wp-block-themeisle-blocks-advanced-column has-light-bg\">\n<h3 id=\"wp-block-themeisle-blocks-advanced-heading-e70d960d\" class=\"wp-block-themeisle-blocks-advanced-heading wp-block-themeisle-blocks-advanced-heading-e70d960d\">Abonnement mensuel<\/h3>\n\n\n\n<h2 id=\"wp-block-themeisle-blocks-advanced-heading-0d527ed7\" class=\"wp-block-themeisle-blocks-advanced-heading wp-block-themeisle-blocks-advanced-heading-0d527ed7\">75 \u20ac<\/h2>\n\n\n\n<p id=\"wp-block-themeisle-blocks-advanced-heading-0d2bbf17\" class=\"wp-block-themeisle-blocks-advanced-heading wp-block-themeisle-blocks-advanced-heading-0d2bbf17\">Ce que vous optimisez et valorisez chaque mois<\/p>\n\n\n\n<hr class=\"wp-block-separator has-text-color has-nv-site-bg-color has-css-opacity has-nv-site-bg-background-color has-background\"\/>\n\n\n\n<div id=\"wp-block-themeisle-blocks-icon-list-2da335bc\" class=\"wp-block-themeisle-blocks-icon-list\">\n<div id=\"wp-block-themeisle-blocks-icon-list-item-b8e72ac6\" class=\"wp-block-themeisle-blocks-icon-list-item\"><i class=\"fas fa-check wp-block-themeisle-blocks-icon-list-item-icon-custom\"><\/i><p class=\"wp-block-themeisle-blocks-icon-list-item-content-custom\">Livre de police occasion<\/p><\/div>\n\n\n\n<div id=\"wp-block-themeisle-blocks-icon-list-item-c971e254\" class=\"wp-block-themeisle-blocks-icon-list-item\"><i class=\"fas fa-check wp-block-themeisle-blocks-icon-list-item-icon-custom\"><\/i><p class=\"wp-block-themeisle-blocks-icon-list-item-content-custom\">Rapports personnalis\u00e9s <\/p><\/div>\n\n\n\n<div id=\"wp-block-themeisle-blocks-icon-list-item-c0926393\" class=\"wp-block-themeisle-blocks-icon-list-item\"><i class=\"fas fa-check wp-block-themeisle-blocks-icon-list-item-icon-custom\"><\/i><p class=\"wp-block-themeisle-blocks-icon-list-item-content-custom\">Donn\u00e9es sectorielles anonymis\u00e9es<\/p><\/div>\n\n\n\n<div id=\"wp-block-themeisle-blocks-icon-list-item-fa312657\" class=\"wp-block-themeisle-blocks-icon-list-item\"><i class=\"fas fa-check wp-block-themeisle-blocks-icon-list-item-icon-custom\"><\/i><p class=\"wp-block-themeisle-blocks-icon-list-item-content-custom\">Automatisations pour le support client (SAV, rappel produit&#8230;)<\/p><\/div>\n<\/div>\n<\/div>\n<\/div><\/section>\n<\/div>\n<\/div><\/section>\n\n\n\n<div id=\"wp-block-themeisle-blocks-button-group-ddf05613\" class=\"wp-block-themeisle-blocks-button-group wp-block-buttons align-center-desktop\">\n<div id=\"wp-block-themeisle-blocks-button-feb13512\" class=\"wp-block-themeisle-blocks-button wp-block-button\"><a href=\"https:\/\/www.boardridingpass.com\/index.php\/contact\/\" target=\"_self\" rel=\"noopener noreferrer\" class=\"wp-block-button__link\"><span>REJOINDRE LE PROGRAMME<\/span><\/a><\/div>\n\n\n\n<div id=\"wp-block-themeisle-blocks-button-efa5cb2f\" class=\"wp-block-themeisle-blocks-button wp-block-button\"><a href=\"https:\/\/www.boardridingpass.com\/index.php\/contact\/\" target=\"_self\" rel=\"noopener noreferrer\" class=\"wp-block-button__link\"><span>SOUTENIR L&#8217;INITITATIVE<\/span><\/a><\/div>\n<\/div>\n","protected":false},"excerpt":{"rendered":"","protected":false},"author":1,"featured_media":0,"parent":0,"menu_order":0,"comment_status":"closed","ping_status":"closed","template":"","meta":{"neve_meta_sidebar":"","neve_meta_container":"","neve_meta_enable_content_width":"","neve_meta_content_width":0,"neve_meta_title_alignment":"","neve_meta_author_avatar":"","neve_post_elements_order":"","neve_meta_disable_header":"","neve_meta_disable_footer":"","neve_meta_disable_title":"","_themeisle_gutenberg_block_has_review":false,"footnotes":""},"class_list":["post-415","page","type-page","status-publish","hentry"],"_links":{"self":[{"href":"https:\/\/www.boardridingpass.com\/index.php\/wp-json\/wp\/v2\/pages\/415","targetHints":{"allow":["GET"]}}],"collection":[{"href":"https:\/\/www.boardridingpass.com\/index.php\/wp-json\/wp\/v2\/pages"}],"about":[{"href":"https:\/\/www.boardridingpass.com\/index.php\/wp-json\/wp\/v2\/types\/page"}],"author":[{"embeddable":true,"href":"https:\/\/www.boardridingpass.com\/index.php\/wp-json\/wp\/v2\/users\/1"}],"replies":[{"embeddable":true,"href":"https:\/\/www.boardridingpass.com\/index.php\/wp-json\/wp\/v2\/comments?post=415"}],"version-history":[{"count":11,"href":"https:\/\/www.boardridingpass.com\/index.php\/wp-json\/wp\/v2\/pages\/415\/revisions"}],"predecessor-version":[{"id":1000,"href":"https:\/\/www.boardridingpass.com\/index.php\/wp-json\/wp\/v2\/pages\/415\/revisions\/1000"}],"wp:attachment":[{"href":"https:\/\/www.boardridingpass.com\/index.php\/wp-json\/wp\/v2\/media?parent=415"}],"curies":[{"name":"wp","href":"https:\/\/api.w.org\/{rel}","templated":true}]}}