{"id":403,"date":"2025-02-03T20:34:55","date_gmt":"2025-02-03T19:34:55","guid":{"rendered":"https:\/\/www.boardridingpass.com\/?page_id=403"},"modified":"2025-03-31T14:44:15","modified_gmt":"2025-03-31T12:44:15","slug":"notre-equipe-2","status":"publish","type":"page","link":"https:\/\/www.boardridingpass.com\/index.php\/notre-equipe-2\/","title":{"rendered":"NOTRE EQUIPE"},"content":{"rendered":"\n<div id=\"wp-block-themeisle-blocks-advanced-columns-1afa0976\" class=\"wp-block-themeisle-blocks-advanced-columns alignfull has-2-columns has-desktop-equal-layout has-tablet-equal-layout has-mobile-collapsedRows-layout has-vertical-center sm-separator has-light-bg\"><div class=\"wp-block-themeisle-blocks-advanced-columns-overlay\"><\/div><div class=\"innerblocks-wrap\">\n<div id=\"wp-block-themeisle-blocks-advanced-column-4efd4381\" class=\"wp-block-themeisle-blocks-advanced-column\">\n<figure class=\"wp-block-image size-large has-custom-border animated backInRight wp-duotone-grayscale\"><img loading=\"lazy\" decoding=\"async\" width=\"1024\" height=\"1024\" src=\"https:\/\/www.boardridingpass.com\/wp-content\/uploads\/2025\/03\/46a9f588-17d2-451e-982c-699f140ce983-edited-1024x1024.jpg\" alt=\"\" class=\"wp-image-522\" style=\"border-radius:0px\" srcset=\"https:\/\/www.boardridingpass.com\/wp-content\/uploads\/2025\/03\/46a9f588-17d2-451e-982c-699f140ce983-edited-1024x1024.jpg 1024w, https:\/\/www.boardridingpass.com\/wp-content\/uploads\/2025\/03\/46a9f588-17d2-451e-982c-699f140ce983-edited-300x300.jpg 300w, https:\/\/www.boardridingpass.com\/wp-content\/uploads\/2025\/03\/46a9f588-17d2-451e-982c-699f140ce983-edited-150x150.jpg 150w, https:\/\/www.boardridingpass.com\/wp-content\/uploads\/2025\/03\/46a9f588-17d2-451e-982c-699f140ce983-edited-768x768.jpg 768w, https:\/\/www.boardridingpass.com\/wp-content\/uploads\/2025\/03\/46a9f588-17d2-451e-982c-699f140ce983-edited.jpg 1069w\" sizes=\"auto, (max-width: 1024px) 100vw, 1024px\" \/><\/figure>\n<\/div>\n\n\n\n<div id=\"wp-block-themeisle-blocks-advanced-column-6c2514ca\" class=\"wp-block-themeisle-blocks-advanced-column\">\n<h3 id=\"wp-block-themeisle-blocks-advanced-heading-b120844a\" class=\"wp-block-themeisle-blocks-advanced-heading wp-block-themeisle-blocks-advanced-heading-b120844a\">Mathieu, Fondateur<\/h3>\n\n\n\n<hr class=\"wp-block-separator has-text-color has-alpha-channel-opacity has-background is-style-wide\" style=\"background-color:#1f2025;color:#1f2025\"\/>\n\n\n\n<h4 id=\"wp-block-themeisle-blocks-advanced-heading-4324af70\" class=\"wp-block-themeisle-blocks-advanced-heading wp-block-themeisle-blocks-advanced-heading-4324af70\"><\/h4>\n\n\n\n<div class=\"wp-block-group\"><div class=\"wp-block-group__inner-container is-layout-constrained wp-block-group-is-layout-constrained\">\n<p class=\"has-small-font-size\">Depuis plus de 30 ans, les sports de glisse sont au c\u0153ur de ma vie. J\u2019ai eu la chance d\u2019\u00e9voluer en gardant toujours la m\u00eame boussole : r\u00e9pondre aux vrais besoins des passionn\u00e9s.<\/p>\n\n\n\n<p class=\"has-small-font-size\">Ce qui m\u2019anime, c\u2019est de faire avancer nos pratiques, de cr\u00e9er du lien, d\u2019innover sans jamais perdre l\u2019essence de notre culture. J\u2019ai toujours choisi de mettre la passion avant les int\u00e9r\u00eats personnels, et c\u2019est cette \u00e9nergie-l\u00e0 qui m\u2019a pouss\u00e9 \u00e0 imaginer des services utiles, des \u00e9v\u00e9nements f\u00e9d\u00e9rateurs, et \u00e0 faire vivre cette communaut\u00e9 qui m\u2019inspire chaque jour.<\/p>\n\n\n\n<p class=\"has-small-font-size\">Le <strong>BoardRiding Pass<\/strong>, c\u2019est bien plus qu\u2019un tag connect\u00e9.<\/p>\n\n\n\n<p class=\"has-small-font-size\">C\u2019est un outil pour renforcer notre lien \u00e0 notre mat\u00e9riel, pour mieux partager nos exp\u00e9riences, et pour activer \u2014 ensemble \u2014 tout un \u00e9cosyst\u00e8me tourn\u00e9 vers l\u2019avenir.<\/p>\n<\/div><\/div>\n\n\n\n<p class=\"has-text-color has-link-color wp-elements-f1151f59b18c1f7bd3a776af8c5b6a0b\" style=\"color:#1f2025\"><\/p>\n<\/div>\n<\/div><\/div>\n\n\n\n<div id=\"wp-block-themeisle-blocks-advanced-columns-b8288416\" class=\"wp-block-themeisle-blocks-advanced-columns alignfull has-2-columns has-desktop-equal-layout has-tablet-equal-layout has-mobile-collapsedRows-layout has-reverse-columns-mobile has-vertical-center sm-separator has-light-bg\"><div class=\"wp-block-themeisle-blocks-advanced-columns-overlay\"><\/div><div class=\"innerblocks-wrap\">\n<div id=\"wp-block-themeisle-blocks-advanced-column-21fe34fa\" class=\"wp-block-themeisle-blocks-advanced-column\">\n<h2 id=\"wp-block-themeisle-blocks-advanced-heading-b418e137\" class=\"wp-block-themeisle-blocks-advanced-heading wp-block-themeisle-blocks-advanced-heading-b418e137\">Jonas, D\u00e9veloppeur<\/h2>\n\n\n\n<hr class=\"wp-block-separator has-text-color has-alpha-channel-opacity has-background is-style-wide\" style=\"background-color:#1f2025;color:#1f2025\"\/>\n\n\n\n<h4 id=\"wp-block-themeisle-blocks-advanced-heading-ef40ffd3\" class=\"wp-block-themeisle-blocks-advanced-heading wp-block-themeisle-blocks-advanced-heading-ef40ffd3\"><\/h4>\n\n\n\n<p class=\"has-text-color has-link-color has-small-font-size wp-elements-67e69d4e5e8dbf74710af69c473352fd\" style=\"color:#1f2025\">\u00c9tudiant en deuxi\u00e8me ann\u00e9e de BUT informatique \u00e0 Lannion et Brest, mon exp\u00e9rience personnelle dans les sports nautiques et le VTT m&#8217;a sensibilis\u00e9 aux d\u00e9fis logistiques li\u00e9s \u00e0 la gestion de mat\u00e9riel.<\/p>\n\n\n\n<p class=\"has-text-color has-link-color has-small-font-size wp-elements-726df5ea4b32d0273adaaf9c90776b5c\" style=\"color:#1f2025\">Je suis ravi de contribuer \u00e0 ce projet, qui repr\u00e9sente une opportunit\u00e9 concr\u00e8te d&#8217;appliquer mes comp\u00e9tences techniques dans un contexte professionnel. Au-del\u00e0 du d\u00e9veloppement pur, je suis particuli\u00e8rement int\u00e9ress\u00e9 par les aspects tels que la gestion de serveurs et la conformit\u00e9 RGPD, que ce projet me permettra d&#8217;explorer.<\/p>\n\n\n\n<p class=\"has-text-color has-link-color has-small-font-size wp-elements-4559321a33d2e93c5be4b15a2fa18345\" style=\"color:#1f2025\">Mon objectif est de fournir une solution \u00e0 la fois intuitive et s\u00e9curis\u00e9e. Je suis \u00e9galement ouvert aux \u00e9changes et aux retours pour am\u00e9liorer continuellement l&#8217;exp\u00e9rience utilisateur.<\/p>\n<\/div>\n\n\n\n<div id=\"wp-block-themeisle-blocks-advanced-column-47276334\" class=\"wp-block-themeisle-blocks-advanced-column\">\n<figure class=\"wp-block-image size-large has-custom-border animated backInLeft wp-duotone-grayscale\"><img loading=\"lazy\" decoding=\"async\" width=\"2448\" height=\"2448\" src=\"https:\/\/www.boardridingpass.com\/wp-content\/uploads\/2025\/03\/IMG_1071-edited.jpg\" alt=\"\" class=\"wp-image-846\" style=\"border-radius:0px\" srcset=\"https:\/\/www.boardridingpass.com\/wp-content\/uploads\/2025\/03\/IMG_1071-edited.jpg 2448w, https:\/\/www.boardridingpass.com\/wp-content\/uploads\/2025\/03\/IMG_1071-edited-300x300.jpg 300w, https:\/\/www.boardridingpass.com\/wp-content\/uploads\/2025\/03\/IMG_1071-edited-1024x1024.jpg 1024w, https:\/\/www.boardridingpass.com\/wp-content\/uploads\/2025\/03\/IMG_1071-edited-150x150.jpg 150w, https:\/\/www.boardridingpass.com\/wp-content\/uploads\/2025\/03\/IMG_1071-edited-768x768.jpg 768w, https:\/\/www.boardridingpass.com\/wp-content\/uploads\/2025\/03\/IMG_1071-edited-1536x1536.jpg 1536w, https:\/\/www.boardridingpass.com\/wp-content\/uploads\/2025\/03\/IMG_1071-edited-2048x2048.jpg 2048w\" sizes=\"auto, (max-width: 2448px) 100vw, 2448px\" \/><\/figure>\n<\/div>\n<\/div><\/div>\n\n\n\n<section id=\"wp-block-themeisle-blocks-advanced-columns-ee198567\" class=\"wp-block-themeisle-blocks-advanced-columns alignfull has-1-columns has-desktop-equal-layout has-tablet-equal-layout has-mobile-equal-layout has-vertical-flex-start has-dark-bg\"><div class=\"wp-block-themeisle-blocks-advanced-columns-overlay\"><\/div><div class=\"innerblocks-wrap\">\n<div id=\"wp-block-themeisle-blocks-advanced-column-9e0840af\" class=\"wp-block-themeisle-blocks-advanced-column\">\n<section id=\"wp-block-themeisle-blocks-advanced-columns-07718635\" class=\"wp-block-themeisle-blocks-advanced-columns has-1-columns has-desktop-equal-layout has-tablet-equal-layout has-mobile-equal-layout has-vertical-flex-start\"><div class=\"wp-block-themeisle-blocks-advanced-columns-overlay\"><\/div><div class=\"innerblocks-wrap\">\n<div id=\"wp-block-themeisle-blocks-advanced-column-fe410e14\" class=\"wp-block-themeisle-blocks-advanced-column\">\n<span id=\"wp-block-themeisle-blocks-advanced-heading-3a6e234d\" class=\"wp-block-themeisle-blocks-advanced-heading wp-block-themeisle-blocks-advanced-heading-3a6e234d\"><strong> Nos soutiens<\/strong><\/span>\n\n\n\n<h2 id=\"wp-block-themeisle-blocks-advanced-heading-ec2fa93d\" class=\"wp-block-themeisle-blocks-advanced-heading wp-block-themeisle-blocks-advanced-heading-ec2fa93d\">On leur dit Merci !<\/h2>\n<\/div>\n<\/div><\/section>\n\n\n\n<section id=\"wp-block-themeisle-blocks-advanced-columns-8f05b4f9\" class=\"wp-block-themeisle-blocks-advanced-columns has-3-columns has-desktop-equal-layout has-tablet-equal-layout has-mobile-collapsedRows-layout has-vertical-flex-start\"><div class=\"wp-block-themeisle-blocks-advanced-columns-overlay\"><\/div><div class=\"innerblocks-wrap\">\n<div id=\"wp-block-themeisle-blocks-advanced-column-1db37270\" class=\"wp-block-themeisle-blocks-advanced-column\">\n<figure class=\"wp-block-image size-full has-custom-border\"><img loading=\"lazy\" decoding=\"async\" width=\"1024\" height=\"1024\" src=\"https:\/\/www.boardridingpass.com\/wp-content\/uploads\/2025\/03\/image.png\" alt=\"\" class=\"wp-image-551\" style=\"border-radius:0px\" srcset=\"https:\/\/www.boardridingpass.com\/wp-content\/uploads\/2025\/03\/image.png 1024w, https:\/\/www.boardridingpass.com\/wp-content\/uploads\/2025\/03\/image-300x300.png 300w, https:\/\/www.boardridingpass.com\/wp-content\/uploads\/2025\/03\/image-150x150.png 150w, https:\/\/www.boardridingpass.com\/wp-content\/uploads\/2025\/03\/image-768x768.png 768w\" sizes=\"auto, (max-width: 1024px) 100vw, 1024px\" \/><\/figure>\n\n\n\n<div style=\"height:16px\" aria-hidden=\"true\" class=\"wp-block-spacer\"><\/div>\n\n\n\n<span id=\"wp-block-themeisle-blocks-advanced-heading-4450fced\" class=\"wp-block-themeisle-blocks-advanced-heading wp-block-themeisle-blocks-advanced-heading-4450fced\"><strong>MAKER<\/strong><\/span>\n\n\n\n<h3 id=\"wp-block-themeisle-blocks-advanced-heading-0dc7f279\" class=\"wp-block-themeisle-blocks-advanced-heading wp-block-themeisle-blocks-advanced-heading-0dc7f279\">Jean-Marie<\/h3>\n\n\n\n<p class=\"has-text-align-center has-white-color has-text-color\">Sp\u00e9cialiste IA \/ ML \/ Python aux multiples talents<\/p>\n<\/div>\n\n\n\n<div id=\"wp-block-themeisle-blocks-advanced-column-922648b9\" class=\"wp-block-themeisle-blocks-advanced-column\">\n<figure class=\"wp-block-image\"><img loading=\"lazy\" decoding=\"async\" width=\"681\" height=\"681\" src=\"https:\/\/www.boardridingpass.com\/wp-content\/uploads\/2025\/03\/17b186d7-24de-44e5-8262-5e4e8a21000c-edited-1.jpg\" alt=\"\" class=\"wp-image-792\" srcset=\"https:\/\/www.boardridingpass.com\/wp-content\/uploads\/2025\/03\/17b186d7-24de-44e5-8262-5e4e8a21000c-edited-1.jpg 681w, https:\/\/www.boardridingpass.com\/wp-content\/uploads\/2025\/03\/17b186d7-24de-44e5-8262-5e4e8a21000c-edited-1-300x300.jpg 300w, https:\/\/www.boardridingpass.com\/wp-content\/uploads\/2025\/03\/17b186d7-24de-44e5-8262-5e4e8a21000c-edited-1-150x150.jpg 150w\" sizes=\"auto, (max-width: 681px) 100vw, 681px\" \/><\/figure>\n\n\n\n<div style=\"height:16px\" aria-hidden=\"true\" class=\"wp-block-spacer\"><\/div>\n\n\n\n<span id=\"wp-block-themeisle-blocks-advanced-heading-a69cf6f1\" class=\"wp-block-themeisle-blocks-advanced-heading wp-block-themeisle-blocks-advanced-heading-a69cf6f1\"><strong>TEST &amp; MEDIA CONTENT<\/strong><\/span>\n\n\n\n<h3 id=\"wp-block-themeisle-blocks-advanced-heading-f94a1b22\" class=\"wp-block-themeisle-blocks-advanced-heading wp-block-themeisle-blocks-advanced-heading-f94a1b22\">Fanny<\/h3>\n\n\n\n<p class=\"has-text-align-center has-white-color has-text-color\">Une supportrice ind\u00e9fectible du projet depuis la 1\u00e8re heure<\/p>\n<\/div>\n\n\n\n<div id=\"wp-block-themeisle-blocks-advanced-column-314821f6\" class=\"wp-block-themeisle-blocks-advanced-column\">\n<figure class=\"wp-block-image size-full has-custom-border\"><img loading=\"lazy\" decoding=\"async\" width=\"1024\" height=\"1024\" src=\"https:\/\/www.boardridingpass.com\/wp-content\/uploads\/2025\/03\/image.png\" alt=\"\" class=\"wp-image-551\" style=\"border-radius:0px\" srcset=\"https:\/\/www.boardridingpass.com\/wp-content\/uploads\/2025\/03\/image.png 1024w, https:\/\/www.boardridingpass.com\/wp-content\/uploads\/2025\/03\/image-300x300.png 300w, https:\/\/www.boardridingpass.com\/wp-content\/uploads\/2025\/03\/image-150x150.png 150w, https:\/\/www.boardridingpass.com\/wp-content\/uploads\/2025\/03\/image-768x768.png 768w\" sizes=\"auto, (max-width: 1024px) 100vw, 1024px\" \/><\/figure>\n\n\n\n<div style=\"height:16px\" aria-hidden=\"true\" class=\"wp-block-spacer\"><\/div>\n\n\n\n<span id=\"wp-block-themeisle-blocks-advanced-heading-eb3ebe83\" class=\"wp-block-themeisle-blocks-advanced-heading wp-block-themeisle-blocks-advanced-heading-eb3ebe83\"><strong>R&amp;D<\/strong><\/span>\n\n\n\n<h3 id=\"wp-block-themeisle-blocks-advanced-heading-aa0619e2\" class=\"wp-block-themeisle-blocks-advanced-heading wp-block-themeisle-blocks-advanced-heading-aa0619e2\">David<\/h3>\n\n\n\n<p class=\"has-text-align-center has-white-color has-text-color\">Expert en RFID \/ NFC et solutions d&#8217;identification<\/p>\n<\/div>\n<\/div><\/section>\n<\/div>\n<\/div><\/section>\n\n\n\n<h2 class=\"wp-block-heading has-text-align-center\">Nos contributeurs<\/h2>\n\n\n\n<div id=\"wp-block-themeisle-blocks-advanced-columns-f4384f49\" class=\"wp-block-themeisle-blocks-advanced-columns has-2-columns has-desktop-equal-layout has-tablet-equal-layout has-mobile-collapsedRows-layout has-vertical-unset\"><div class=\"wp-block-themeisle-blocks-advanced-columns-overlay\"><\/div><div class=\"innerblocks-wrap\">\n<div id=\"wp-block-themeisle-blocks-advanced-column-551f06f0\" class=\"wp-block-themeisle-blocks-advanced-column\">\n<figure class=\"wp-block-image size-full has-custom-border is-style-default\"><a href=\"https:\/\/kengo.bzh\/projet\/4865\/le-boardriding-pass\"><img loading=\"lazy\" decoding=\"async\" width=\"658\" height=\"658\" src=\"https:\/\/www.boardridingpass.com\/wp-content\/uploads\/2025\/03\/485055665_122115719912763067_7090450540790233204_n.jpg\" alt=\"\" class=\"wp-image-904\" style=\"border-style:none;border-width:0px;border-radius:0px\" srcset=\"https:\/\/www.boardridingpass.com\/wp-content\/uploads\/2025\/03\/485055665_122115719912763067_7090450540790233204_n.jpg 658w, https:\/\/www.boardridingpass.com\/wp-content\/uploads\/2025\/03\/485055665_122115719912763067_7090450540790233204_n-300x300.jpg 300w, https:\/\/www.boardridingpass.com\/wp-content\/uploads\/2025\/03\/485055665_122115719912763067_7090450540790233204_n-150x150.jpg 150w\" sizes=\"auto, (max-width: 658px) 100vw, 658px\" \/><\/a><\/figure>\n<\/div>\n\n\n\n<div id=\"wp-block-themeisle-blocks-advanced-column-5d5383be\" class=\"wp-block-themeisle-blocks-advanced-column\">\n<div class=\"wp-block-group alignwide\"><div class=\"wp-block-group__inner-container is-layout-constrained wp-block-group-is-layout-constrained\">\n<p>Ils nous ont fait confiance en apportant le premier tremplin pour passer des id\u00e9es \u00e0 la r\u00e9alisation.<\/p>\n\n\n\n<h2 class=\"wp-block-heading\">Merci \u00e0 &#8230;<\/h2>\n\n\n\n<p>lvlkvshklsdhjklsdhfkl<\/p>\n<\/div><\/div>\n<\/div>\n<\/div><\/div>\n\n\n\n<p><\/p>\n","protected":false},"excerpt":{"rendered":"<p>Nos contributeurs<\/p>\n","protected":false},"author":1,"featured_media":705,"parent":0,"menu_order":0,"comment_status":"closed","ping_status":"closed","template":"","meta":{"neve_meta_sidebar":"","neve_meta_container":"","neve_meta_enable_content_width":"","neve_meta_content_width":0,"neve_meta_title_alignment":"","neve_meta_author_avatar":"","neve_post_elements_order":"","neve_meta_disable_header":"","neve_meta_disable_footer":"","neve_meta_disable_title":"","_themeisle_gutenberg_block_has_review":false,"footnotes":""},"class_list":["post-403","page","type-page","status-publish","has-post-thumbnail","hentry"],"_links":{"self":[{"href":"https:\/\/www.boardridingpass.com\/index.php\/wp-json\/wp\/v2\/pages\/403","targetHints":{"allow":["GET"]}}],"collection":[{"href":"https:\/\/www.boardridingpass.com\/index.php\/wp-json\/wp\/v2\/pages"}],"about":[{"href":"https:\/\/www.boardridingpass.com\/index.php\/wp-json\/wp\/v2\/types\/page"}],"author":[{"embeddable":true,"href":"https:\/\/www.boardridingpass.com\/index.php\/wp-json\/wp\/v2\/users\/1"}],"replies":[{"embeddable":true,"href":"https:\/\/www.boardridingpass.com\/index.php\/wp-json\/wp\/v2\/comments?post=403"}],"version-history":[{"count":26,"href":"https:\/\/www.boardridingpass.com\/index.php\/wp-json\/wp\/v2\/pages\/403\/revisions"}],"predecessor-version":[{"id":973,"href":"https:\/\/www.boardridingpass.com\/index.php\/wp-json\/wp\/v2\/pages\/403\/revisions\/973"}],"wp:featuredmedia":[{"embeddable":true,"href":"https:\/\/www.boardridingpass.com\/index.php\/wp-json\/wp\/v2\/media\/705"}],"wp:attachment":[{"href":"https:\/\/www.boardridingpass.com\/index.php\/wp-json\/wp\/v2\/media?parent=403"}],"curies":[{"name":"wp","href":"https:\/\/api.w.org\/{rel}","templated":true}]}}