{"id":399,"date":"2025-02-03T20:34:08","date_gmt":"2025-02-03T19:34:08","guid":{"rendered":"https:\/\/www.boardridingpass.com\/?page_id=399"},"modified":"2025-03-27T16:56:19","modified_gmt":"2025-03-27T15:56:19","slug":"notre-mission","status":"publish","type":"page","link":"https:\/\/www.boardridingpass.com\/index.php\/notre-mission\/","title":{"rendered":"NOTRE MISSION"},"content":{"rendered":"\n<p><\/p>\n\n\n\n<h3 class=\"wp-block-heading\">\ud83c\udf0a Faire durer les \u00e9quipements. Valoriser ceux qui les font vivre. Ouvrir une nouvelle voie pour une glisse plus responsable.<\/h3>\n\n\n\n<p>Le BoardRiding Pass est n\u00e9 d\u2019un constat simple : dans le monde des sports de glisse et outdoor, les produits sont souvent techniques, performants\u2026 mais sans m\u00e9moire. Une fois vendus, r\u00e9par\u00e9s, ou transmis, ils deviennent invisibles. On perd la trace, la valeur, le lien.<\/p>\n\n\n\n<p>Notre mission : <strong>redonner une identit\u00e9 \u00e0 chaque \u00e9quipement<\/strong>, tout en cr\u00e9ant des ponts entre les pratiquants, les professionnels et les territoires. Faire en sorte qu\u2019une planche, une aile, un foil ou une combinaison puisse vivre plusieurs vies \u2014 dans la confiance, la tra\u00e7abilit\u00e9 et le respect.<\/p>\n\n\n\n<h3 class=\"wp-block-heading\">\ud83c\udf0d Un outil au service de la transition \u00e9cologique et de l\u2019\u00e9conomie circulaire<\/h3>\n\n\n\n<p>Chaque produit mieux suivi, mieux r\u00e9par\u00e9, mieux transmis, c\u2019est un produit qui dure plus longtemps.<br>\ud83d\udc49 Moins de gaspillage.<br>\ud83d\udc49 Moins de pertes.<br>\ud83d\udc49 Moins de mat\u00e9riel inutilis\u00e9.<br>Le BoardRiding Pass est un <strong>acc\u00e9l\u00e9rateur de circularit\u00e9<\/strong> : il facilite la r\u00e9paration, encourage la seconde main, et valorise les bons acteurs locaux \u2014 ateliers, shapers, loueurs, \u00e9coles\u2026<\/p>\n\n\n\n<h3 class=\"wp-block-heading\">\ud83d\udd10 Une approche \u00e9thique et transparente<\/h3>\n\n\n\n<p>Pas de publicit\u00e9, pas d\u2019exploitation de donn\u00e9es personnelles.<br>Les utilisateurs gardent <strong>le contr\u00f4le total sur les informations partag\u00e9es<\/strong>.<br>Nous croyons \u00e0 une technologie utile, ouverte, respectueuse. Le Pass ne capte pas, il connecte. Il ne surveille pas, il valorise.<\/p>\n\n\n\n<h3 class=\"wp-block-heading\">\ud83e\udd1d Un projet collectif, ancr\u00e9 dans les pratiques et les territoires<\/h3>\n\n\n\n<p>Nous construisons le BoardRiding Pass <strong>avec les riders, les marques, les clubs, les r\u00e9parateurs, les collectivit\u00e9s<\/strong>. Ensemble, nous imaginons des solutions concr\u00e8tes pour mieux g\u00e9rer, transmettre, s\u00e9curiser les \u00e9quipements.<\/p>\n\n\n\n<p>Car derri\u00e8re chaque planche, il y a une histoire. Derri\u00e8re chaque \u00e9quipement, un usage. Derri\u00e8re chaque session, un lien.<\/p>\n\n\n\n<h3 class=\"wp-block-heading\">\ud83d\udccd Une initiative n\u00e9e sur les spots bretons, port\u00e9e par des acteurs de terrain<\/h3>\n\n\n\n<p>Le BoardRiding Pass est incub\u00e9 par Archipelago et soutenu par des partenaires engag\u00e9s.<br>Notre ambition : faire du Finist\u00e8re un <strong>territoire pilote<\/strong> d\u2019une glisse plus durable, plus fluide, plus ouverte.<\/p>\n\n\n\n<p>Et \u00e0 travers cette dynamique locale, inspirer une transformation globale.<\/p>\n\n\n\n<div id=\"wp-block-themeisle-blocks-advanced-columns-5be898d6\" class=\"wp-block-themeisle-blocks-advanced-columns alignfull has-3-columns has-desktop-equal-layout has-tablet-equal-layout has-mobile-collapsedRows-layout has-vertical-center has-dark-bg\"><div class=\"wp-block-themeisle-blocks-advanced-columns-overlay\"><\/div><div class=\"innerblocks-wrap\">\n<div id=\"wp-block-themeisle-blocks-advanced-column-2082b1bd\" class=\"wp-block-themeisle-blocks-advanced-column\">\n<figure class=\"wp-block-image size-large\"><img loading=\"lazy\" decoding=\"async\" width=\"2560\" height=\"2560\" src=\"https:\/\/www.boardridingpass.com\/wp-content\/uploads\/2025\/03\/DSC06980-edited-scaled.jpeg\" alt=\"\" class=\"wp-image-759\" srcset=\"https:\/\/www.boardridingpass.com\/wp-content\/uploads\/2025\/03\/DSC06980-edited-scaled.jpeg 2560w, https:\/\/www.boardridingpass.com\/wp-content\/uploads\/2025\/03\/DSC06980-edited-300x300.jpeg 300w, https:\/\/www.boardridingpass.com\/wp-content\/uploads\/2025\/03\/DSC06980-edited-1024x1024.jpeg 1024w, https:\/\/www.boardridingpass.com\/wp-content\/uploads\/2025\/03\/DSC06980-edited-150x150.jpeg 150w, https:\/\/www.boardridingpass.com\/wp-content\/uploads\/2025\/03\/DSC06980-edited-768x768.jpeg 768w, https:\/\/www.boardridingpass.com\/wp-content\/uploads\/2025\/03\/DSC06980-edited-1536x1536.jpeg 1536w, https:\/\/www.boardridingpass.com\/wp-content\/uploads\/2025\/03\/DSC06980-edited-2048x2048.jpeg 2048w\" sizes=\"auto, (max-width: 2560px) 100vw, 2560px\" \/><\/figure>\n<\/div>\n\n\n\n<div id=\"wp-block-themeisle-blocks-advanced-column-f6cba639\" class=\"wp-block-themeisle-blocks-advanced-column\">\n<figure class=\"wp-block-image size-large\"><img loading=\"lazy\" decoding=\"async\" width=\"2560\" height=\"2560\" src=\"https:\/\/www.boardridingpass.com\/wp-content\/uploads\/2025\/03\/DSC09452-edited-scaled.jpeg\" alt=\"\" class=\"wp-image-756\" srcset=\"https:\/\/www.boardridingpass.com\/wp-content\/uploads\/2025\/03\/DSC09452-edited-scaled.jpeg 2560w, https:\/\/www.boardridingpass.com\/wp-content\/uploads\/2025\/03\/DSC09452-edited-300x300.jpeg 300w, https:\/\/www.boardridingpass.com\/wp-content\/uploads\/2025\/03\/DSC09452-edited-1024x1024.jpeg 1024w, https:\/\/www.boardridingpass.com\/wp-content\/uploads\/2025\/03\/DSC09452-edited-150x150.jpeg 150w, https:\/\/www.boardridingpass.com\/wp-content\/uploads\/2025\/03\/DSC09452-edited-768x768.jpeg 768w, https:\/\/www.boardridingpass.com\/wp-content\/uploads\/2025\/03\/DSC09452-edited-1536x1536.jpeg 1536w, https:\/\/www.boardridingpass.com\/wp-content\/uploads\/2025\/03\/DSC09452-edited-2048x2048.jpeg 2048w\" sizes=\"auto, (max-width: 2560px) 100vw, 2560px\" \/><\/figure>\n<\/div>\n\n\n\n<div id=\"wp-block-themeisle-blocks-advanced-column-4248076a\" class=\"wp-block-themeisle-blocks-advanced-column\">\n<figure class=\"wp-block-image size-large\"><img loading=\"lazy\" decoding=\"async\" width=\"2560\" height=\"2560\" src=\"https:\/\/www.boardridingpass.com\/wp-content\/uploads\/2025\/03\/DSC09393-edited-scaled.jpeg\" alt=\"\" class=\"wp-image-757\" srcset=\"https:\/\/www.boardridingpass.com\/wp-content\/uploads\/2025\/03\/DSC09393-edited-scaled.jpeg 2560w, https:\/\/www.boardridingpass.com\/wp-content\/uploads\/2025\/03\/DSC09393-edited-300x300.jpeg 300w, https:\/\/www.boardridingpass.com\/wp-content\/uploads\/2025\/03\/DSC09393-edited-1024x1024.jpeg 1024w, https:\/\/www.boardridingpass.com\/wp-content\/uploads\/2025\/03\/DSC09393-edited-150x150.jpeg 150w, https:\/\/www.boardridingpass.com\/wp-content\/uploads\/2025\/03\/DSC09393-edited-768x768.jpeg 768w, https:\/\/www.boardridingpass.com\/wp-content\/uploads\/2025\/03\/DSC09393-edited-1536x1536.jpeg 1536w, https:\/\/www.boardridingpass.com\/wp-content\/uploads\/2025\/03\/DSC09393-edited-2048x2048.jpeg 2048w\" sizes=\"auto, (max-width: 2560px) 100vw, 2560px\" \/><\/figure>\n<\/div>\n<\/div><\/div>\n","protected":false},"excerpt":{"rendered":"<p>\ud83c\udf0a Faire durer les \u00e9quipements. Valoriser ceux qui les font vivre. Ouvrir une nouvelle voie pour une glisse plus responsable. Le BoardRiding Pass est n\u00e9 d\u2019un constat simple : dans le monde des sports de glisse et outdoor, les produits sont souvent techniques, performants\u2026 mais sans m\u00e9moire. Une fois vendus, r\u00e9par\u00e9s, ou transmis, ils deviennent&hellip;&nbsp;<a href=\"https:\/\/www.boardridingpass.com\/index.php\/notre-mission\/\" rel=\"bookmark\">Lire la suite &raquo;<span class=\"screen-reader-text\">NOTRE MISSION<\/span><\/a><\/p>\n","protected":false},"author":1,"featured_media":677,"parent":0,"menu_order":0,"comment_status":"closed","ping_status":"closed","template":"","meta":{"neve_meta_sidebar":"","neve_meta_container":"","neve_meta_enable_content_width":"","neve_meta_content_width":0,"neve_meta_title_alignment":"","neve_meta_author_avatar":"","neve_post_elements_order":"","neve_meta_disable_header":"","neve_meta_disable_footer":"","neve_meta_disable_title":"","_themeisle_gutenberg_block_has_review":false,"footnotes":""},"class_list":["post-399","page","type-page","status-publish","has-post-thumbnail","hentry"],"_links":{"self":[{"href":"https:\/\/www.boardridingpass.com\/index.php\/wp-json\/wp\/v2\/pages\/399","targetHints":{"allow":["GET"]}}],"collection":[{"href":"https:\/\/www.boardridingpass.com\/index.php\/wp-json\/wp\/v2\/pages"}],"about":[{"href":"https:\/\/www.boardridingpass.com\/index.php\/wp-json\/wp\/v2\/types\/page"}],"author":[{"embeddable":true,"href":"https:\/\/www.boardridingpass.com\/index.php\/wp-json\/wp\/v2\/users\/1"}],"replies":[{"embeddable":true,"href":"https:\/\/www.boardridingpass.com\/index.php\/wp-json\/wp\/v2\/comments?post=399"}],"version-history":[{"count":4,"href":"https:\/\/www.boardridingpass.com\/index.php\/wp-json\/wp\/v2\/pages\/399\/revisions"}],"predecessor-version":[{"id":761,"href":"https:\/\/www.boardridingpass.com\/index.php\/wp-json\/wp\/v2\/pages\/399\/revisions\/761"}],"wp:featuredmedia":[{"embeddable":true,"href":"https:\/\/www.boardridingpass.com\/index.php\/wp-json\/wp\/v2\/media\/677"}],"wp:attachment":[{"href":"https:\/\/www.boardridingpass.com\/index.php\/wp-json\/wp\/v2\/media?parent=399"}],"curies":[{"name":"wp","href":"https:\/\/api.w.org\/{rel}","templated":true}]}}