{"id":309,"date":"2020-01-13T11:17:52","date_gmt":"2020-01-13T11:17:52","guid":{"rendered":"https:\/\/demosites.io\/web-agency-gb\/?page_id=5"},"modified":"2025-04-15T08:30:40","modified_gmt":"2025-04-15T06:30:40","slug":"15c42-web-agency-gb-home","status":"publish","type":"page","link":"https:\/\/www.boardridingpass.com\/","title":{"rendered":"Accueil &#8211; Fran\u00e7ais"},"content":{"rendered":"\n<div class=\"wp-block-cover alignfull is-light\" style=\"min-height:700px;aspect-ratio:unset;\"><span aria-hidden=\"true\" class=\"wp-block-cover__background has-background-dim-0 has-background-dim\" style=\"background-color:#8b96a6\"><\/span><img loading=\"lazy\" decoding=\"async\" width=\"2560\" height=\"1706\" class=\"wp-block-cover__image-background wp-image-682\" alt=\"\" src=\"https:\/\/www.boardridingpass.com\/wp-content\/uploads\/2025\/03\/DSC07109-scaled.jpeg\" style=\"object-position:50% 50%\" data-object-fit=\"cover\" data-object-position=\"50% 50%\" srcset=\"https:\/\/www.boardridingpass.com\/wp-content\/uploads\/2025\/03\/DSC07109-scaled.jpeg 2560w, https:\/\/www.boardridingpass.com\/wp-content\/uploads\/2025\/03\/DSC07109-300x200.jpeg 300w, https:\/\/www.boardridingpass.com\/wp-content\/uploads\/2025\/03\/DSC07109-1024x683.jpeg 1024w, https:\/\/www.boardridingpass.com\/wp-content\/uploads\/2025\/03\/DSC07109-768x512.jpeg 768w, https:\/\/www.boardridingpass.com\/wp-content\/uploads\/2025\/03\/DSC07109-1536x1024.jpeg 1536w, https:\/\/www.boardridingpass.com\/wp-content\/uploads\/2025\/03\/DSC07109-2048x1365.jpeg 2048w, https:\/\/www.boardridingpass.com\/wp-content\/uploads\/2025\/03\/DSC07109-930x620.jpeg 930w\" sizes=\"auto, (max-width: 2560px) 100vw, 2560px\" \/><div class=\"wp-block-cover__inner-container is-layout-flow wp-block-cover-is-layout-flow\">\n<div style=\"height:0px\" aria-hidden=\"true\" class=\"wp-block-spacer\"><\/div>\n\n\n\n<h2 class=\"wp-block-heading has-text-align-center has-nv-site-bg-color has-text-color has-link-color wp-elements-e6f9e955aaa362b1322b9de442a914e3\">Connecte et prot\u00e8ge ton \u00e9quipement !<\/h2>\n\n\n\n<div style=\"height:0px\" aria-hidden=\"true\" class=\"wp-block-spacer\"><\/div>\n\n\n\n<div style=\"height:350px\" aria-hidden=\"true\" class=\"wp-block-spacer\"><\/div>\n\n\n\n<div class=\"wp-block-buttons is-horizontal is-content-justification-center is-layout-flex wp-container-core-buttons-is-layout-499968f5 wp-block-buttons-is-layout-flex\">\n<div class=\"wp-block-button has-custom-font-size is-style-primary\" style=\"font-size:15px\"><a class=\"wp-block-button__link has-text-color has-background has-link-color wp-element-button\" href=\"https:\/\/www.boardridingpass.com\/index.php\/enregistrer-son-materiel-glisse\/\" style=\"border-radius:0px;color:#ffffff;background-color:#d7393e;padding-top:20px;padding-right:40px;padding-bottom:20px;padding-left:40px\" target=\"_blank\" rel=\"noreferrer noopener\">ENREGISTRER SON MATERIEL<\/a><\/div>\n<\/div>\n<\/div><\/div>\n\n\n\n<div class=\"wp-block-group animated backInLeft has-link-color wp-elements-10bd6f10d9898711baf281ddcbaefd5b\"><div class=\"wp-block-group__inner-container is-layout-constrained wp-block-group-is-layout-constrained\">\n<div id=\"wp-block-themeisle-blocks-advanced-columns-fbdc066e\" class=\"wp-block-themeisle-blocks-advanced-columns alignwide has-3-columns has-desktop-equal-layout has-tablet-equal-layout has-mobile-collapsedRows-layout has-vertical-center has-light-bg\"><div class=\"wp-block-themeisle-blocks-advanced-columns-overlay\"><\/div><div class=\"innerblocks-wrap\">\n<div id=\"wp-block-themeisle-blocks-advanced-column-2efe9b88\" class=\"wp-block-themeisle-blocks-advanced-column\">\n<div id=\"wp-block-themeisle-blocks-font-awesome-icons-c713fbe6\" class=\"wp-block-themeisle-blocks-font-awesome-icons animated backInLeft\"><span class=\"wp-block-themeisle-blocks-font-awesome-icons-container\"><a href=\"https:\/\/www.boardridingpass.com\/index.php\/enregistrer-son-materiel-glisse\/\" target=\"_self\" rel=\"noopener noreferrer\"><i class=\"fas fa-qrcode\"><\/i><\/a><\/span><\/div>\n\n\n\n<div style=\"height:0px\" aria-hidden=\"true\" class=\"wp-block-spacer\"><\/div>\n\n\n\n<h3 id=\"wp-block-themeisle-blocks-advanced-heading-e39f9498\" class=\"wp-block-themeisle-blocks-advanced-heading wp-block-themeisle-blocks-advanced-heading-e39f9498\">SCAN<\/h3>\n\n\n\n<p id=\"wp-block-themeisle-blocks-advanced-heading-cb2ee817\" class=\"wp-block-themeisle-blocks-advanced-heading wp-block-themeisle-blocks-advanced-heading-cb2ee817\"><strong>Scanne le QR Code ou le tag NFC avec ton smartphone<\/strong><\/p>\n<\/div>\n\n\n\n<div id=\"wp-block-themeisle-blocks-advanced-column-2bce45cc\" class=\"wp-block-themeisle-blocks-advanced-column\">\n<div id=\"wp-block-themeisle-blocks-font-awesome-icons-9bd6f2c2\" class=\"wp-block-themeisle-blocks-font-awesome-icons animated backInLeft delay-100ms\"><span class=\"wp-block-themeisle-blocks-font-awesome-icons-container\"><a href=\"https:\/\/www.boardridingpass.com\/index.php\/enregistrer-son-materiel-glisse\/\" target=\"_self\" rel=\"noopener noreferrer\"><i class=\"fas fa-mobile-alt\"><\/i><\/a><\/span><\/div>\n\n\n\n<div style=\"height:0px\" aria-hidden=\"true\" class=\"wp-block-spacer\"><\/div>\n\n\n\n<h4 id=\"wp-block-themeisle-blocks-advanced-heading-971714da\" class=\"wp-block-themeisle-blocks-advanced-heading wp-block-themeisle-blocks-advanced-heading-971714da\">SMART<\/h4>\n\n\n\n<p id=\"wp-block-themeisle-blocks-advanced-heading-8d7f8636\" class=\"wp-block-themeisle-blocks-advanced-heading wp-block-themeisle-blocks-advanced-heading-8d7f8636\"><strong>Associe les informations de ton mat\u00e9riel \u00e0 ton adresse email<\/strong><\/p>\n<\/div>\n\n\n\n<div id=\"wp-block-themeisle-blocks-advanced-column-9c2dcfff\" class=\"wp-block-themeisle-blocks-advanced-column\">\n<div id=\"wp-block-themeisle-blocks-font-awesome-icons-b3829df8\" class=\"wp-block-themeisle-blocks-font-awesome-icons animated backInLeft delay-200ms\"><span class=\"wp-block-themeisle-blocks-font-awesome-icons-container\"><a href=\"https:\/\/www.boardridingpass.com\/index.php\/enregistrer-son-materiel-glisse\/\" target=\"_self\" rel=\"noopener noreferrer\"><i class=\"far fa-save\"><\/i><\/a><\/span><\/div>\n\n\n\n<div style=\"height:0px\" aria-hidden=\"true\" class=\"wp-block-spacer\"><\/div>\n\n\n\n<h4 id=\"wp-block-themeisle-blocks-advanced-heading-50629f61\" class=\"wp-block-themeisle-blocks-advanced-heading wp-block-themeisle-blocks-advanced-heading-50629f61\">SAVE<\/h4>\n\n\n\n<p id=\"wp-block-themeisle-blocks-advanced-heading-616c0065\" class=\"wp-block-themeisle-blocks-advanced-heading wp-block-themeisle-blocks-advanced-heading-616c0065\"><strong>Enregistre ton \u00e9quipement dans ton quiver num\u00e9rique. C&#8217;est sauvegard\u00e9 !<\/strong><\/p>\n<\/div>\n<\/div><\/div>\n\n\n\n<div style=\"height:41px\" aria-hidden=\"true\" class=\"wp-block-spacer\"><\/div>\n\n\n\n<div id=\"wp-block-themeisle-blocks-tabs-aeb2a86d\" class=\"wp-block-themeisle-blocks-tabs is-style-boxed is-align-full\"><div class=\"wp-block-themeisle-blocks-tabs__content\">\n<div data-title=\"<strong&gt;RIDER<\/strong&gt;\" class=\"wp-block-themeisle-blocks-tabs-item\"><div class=\"wp-block-themeisle-blocks-tabs-item__header\" tabindex=\"0\"><strong>RIDER<\/strong><\/div><div class=\"wp-block-themeisle-blocks-tabs-item__content\">\n<h4 class=\"wp-block-heading has-text-align-center\"><strong>BoardRiding Pass : Vivez votre mat\u00e9riel autrement \u2014 prot\u00e9g\u00e9, connect\u00e9, valoris\u00e9.<\/strong><\/h4>\n\n\n\n<p class=\"has-text-align-center\">Parce qu\u2019un \u00e9quipement bien identifi\u00e9, c\u2019est plus qu\u2019une obligation : c\u2019est un r\u00e9flexe de s\u00e9curit\u00e9, un lien de confiance, et la libert\u00e9 de profiter pleinement de chaque session, en toute s\u00e9r\u00e9nit\u00e9.<\/p>\n\n\n\n<div id=\"wp-block-themeisle-blocks-font-awesome-icons-e15276e2\" class=\"wp-block-themeisle-blocks-font-awesome-icons animated bounce o-anim-hover\"><span class=\"wp-block-themeisle-blocks-font-awesome-icons-container\"><a href=\"https:\/\/www.boardridingpass.com\/index.php\/rider\/\" target=\"_self\" rel=\"noopener noreferrer\"><i class=\"fas fa-angle-double-right\"><\/i><\/a><\/span><\/div>\n<\/div><\/div>\n\n\n\n<div data-title=\"<strong&gt;ECOLE<\/strong&gt;\" class=\"wp-block-themeisle-blocks-tabs-item\"><div class=\"wp-block-themeisle-blocks-tabs-item__header\" tabindex=\"0\"><strong>ECOLE<\/strong><\/div><div class=\"wp-block-themeisle-blocks-tabs-item__content\">\n<h4 class=\"wp-block-heading has-text-align-center\"><strong>BoardRiding Pass : Une flotte bien identifi\u00e9e, c\u2019est une flotte s\u00e9curis\u00e9e, valoris\u00e9e, ma\u00eetris\u00e9e.<\/strong><\/h4>\n\n\n\n<p class=\"has-text-align-center\">Gagnez en visibilit\u00e9, en efficacit\u00e9 et en s\u00e9r\u00e9nit\u00e9 gr\u00e2ce \u00e0 une gestion connect\u00e9e de vos \u00e9quipements \u2014 au service de la s\u00e9curit\u00e9, de la transparence et du financement de vos actions.<\/p>\n\n\n\n<div id=\"wp-block-themeisle-blocks-font-awesome-icons-745396b8\" class=\"wp-block-themeisle-blocks-font-awesome-icons animated bounce o-anim-hover\"><span class=\"wp-block-themeisle-blocks-font-awesome-icons-container\"><a href=\"https:\/\/www.boardridingpass.com\/index.php\/ecole-de-voile\/\" target=\"_self\" rel=\"noopener noreferrer\"><i class=\"fas fa-angle-double-right\"><\/i><\/a><\/span><\/div>\n<\/div><\/div>\n\n\n\n<div data-title=\"<strong&gt;LOUEUR<\/strong&gt;\" class=\"wp-block-themeisle-blocks-tabs-item\"><div class=\"wp-block-themeisle-blocks-tabs-item__header\" tabindex=\"0\"><strong>LOUEUR<\/strong><\/div><div class=\"wp-block-themeisle-blocks-tabs-item__content\">\n<h4 class=\"wp-block-heading has-text-align-center\"><strong>BoardRiding Pass : Louez avec confiance, g\u00e9rez avec clart\u00e9.<\/strong><\/h4>\n\n\n\n<p class=\"has-text-align-center\">Offrez \u00e0 vos clients une exp\u00e9rience fluide et s\u00e9curis\u00e9e, tout en simplifiant la gestion de votre flotte gr\u00e2ce \u00e0 une tra\u00e7abilit\u00e9 intelligente, un suivi en temps r\u00e9el et un nouveau levier de valorisation.<\/p>\n\n\n\n<div id=\"wp-block-themeisle-blocks-font-awesome-icons-76162b84\" class=\"wp-block-themeisle-blocks-font-awesome-icons animated bounce o-anim-hover\"><span class=\"wp-block-themeisle-blocks-font-awesome-icons-container\"><a href=\"https:\/\/www.boardridingpass.com\/index.php\/point-de-location\/\" target=\"_self\" rel=\"noopener noreferrer\"><i class=\"fas fa-angle-double-right\"><\/i><\/a><\/span><\/div>\n<\/div><\/div>\n\n\n\n<div data-title=\"<strong&gt;ATELIER<\/strong&gt;\" class=\"wp-block-themeisle-blocks-tabs-item\"><div class=\"wp-block-themeisle-blocks-tabs-item__header\" tabindex=\"0\"><strong>ATELIER<\/strong><\/div><div class=\"wp-block-themeisle-blocks-tabs-item__content\">\n<h4 class=\"wp-block-heading has-text-align-center\"><strong>BoardRiding Pass : Donnez \u00e0 vos r\u00e9parations la visibilit\u00e9 qu\u2019elles m\u00e9ritent.<\/strong><\/h4>\n\n\n\n<p class=\"has-text-align-center\">Valorisez chaque intervention, prolongez la vie des \u00e9quipements, et devenez un acteur cl\u00e9 d\u2019une glisse plus durable et connect\u00e9e \u2014 o\u00f9 performance rime avec confiance et reconnaissance.<\/p>\n\n\n\n<div id=\"wp-block-themeisle-blocks-font-awesome-icons-029c52cc\" class=\"wp-block-themeisle-blocks-font-awesome-icons animated bounce o-anim-hover\"><span class=\"wp-block-themeisle-blocks-font-awesome-icons-container\"><a href=\"https:\/\/www.boardridingpass.com\/index.php\/atelier\/\" target=\"_self\" rel=\"noopener noreferrer\"><i class=\"fas fa-angle-double-right\"><\/i><\/a><\/span><\/div>\n<\/div><\/div>\n\n\n\n<div data-title=\"<strong&gt;SHOP<\/strong&gt;\" class=\"wp-block-themeisle-blocks-tabs-item\"><div class=\"wp-block-themeisle-blocks-tabs-item__header\" tabindex=\"0\"><strong>SHOP<\/strong><\/div><div class=\"wp-block-themeisle-blocks-tabs-item__content\">\n<h4 class=\"wp-block-heading has-text-align-center\"><strong>BoardRiding Pass : Connectez vos produits, fid\u00e9lisez vos clients, valorisez votre expertise.<\/strong><\/h4>\n\n\n\n<p class=\"has-text-align-center\">Offrez une exp\u00e9rience enrichie d\u00e8s l\u2019achat, facilitez le suivi apr\u00e8s-vente et devenez un tiers de confiance dans un \u00e9cosyst\u00e8me fluide, tra\u00e7able et orient\u00e9 service.<\/p>\n\n\n\n<div id=\"wp-block-themeisle-blocks-font-awesome-icons-34db7a3a\" class=\"wp-block-themeisle-blocks-font-awesome-icons animated bounce o-anim-hover\"><span class=\"wp-block-themeisle-blocks-font-awesome-icons-container\"><a href=\"https:\/\/www.boardridingpass.com\/index.php\/shop\/\" target=\"_self\" rel=\"noopener noreferrer\"><i class=\"fas fa-angle-double-right\"><\/i><\/a><\/span><\/div>\n<\/div><\/div>\n\n\n\n<div data-title=\"<strong&gt;MARQUE<\/strong&gt;\" class=\"wp-block-themeisle-blocks-tabs-item\"><div class=\"wp-block-themeisle-blocks-tabs-item__header\" tabindex=\"0\"><strong>MARQUE<\/strong><\/div><div class=\"wp-block-themeisle-blocks-tabs-item__content\">\n<h4 class=\"wp-block-heading has-text-align-center\"><strong>BoardRiding Pass : Structurez vos donn\u00e9es, inspirez confiance, boostez vos performances.<\/strong><\/h4>\n\n\n\n<p class=\"has-text-align-center\">Faites de chaque produit un support d\u2019engagement et de transparence, simplifiez vos flux commerciaux et logistiques, et r\u00e9pondez aux nouvelles attentes du march\u00e9 avec clart\u00e9 et efficacit\u00e9.<\/p>\n\n\n\n<div id=\"wp-block-themeisle-blocks-font-awesome-icons-6ac61f23\" class=\"wp-block-themeisle-blocks-font-awesome-icons animated bounce o-anim-hover\"><span class=\"wp-block-themeisle-blocks-font-awesome-icons-container\"><a href=\"https:\/\/www.boardridingpass.com\/index.php\/marque\/\" target=\"_self\" rel=\"noopener noreferrer\"><i class=\"fas fa-angle-double-right\"><\/i><\/a><\/span><\/div>\n<\/div><\/div>\n<\/div><\/div>\n<\/div><\/div>\n\n\n\n<div class=\"wp-block-cover alignfull is-light\"><span aria-hidden=\"true\" class=\"wp-block-cover__background has-background-dim\" style=\"background-color:#cec7c1\"><\/span><img loading=\"lazy\" decoding=\"async\" width=\"2548\" height=\"1333\" class=\"wp-block-cover__image-background wp-image-367\" alt=\"\" src=\"https:\/\/www.boardridingpass.com\/wp-content\/uploads\/2024\/12\/mock-up-ensemble-copie.jpg\" style=\"object-position:48% 25%\" data-object-fit=\"cover\" data-object-position=\"48% 25%\" srcset=\"https:\/\/www.boardridingpass.com\/wp-content\/uploads\/2024\/12\/mock-up-ensemble-copie.jpg 2548w, https:\/\/www.boardridingpass.com\/wp-content\/uploads\/2024\/12\/mock-up-ensemble-copie-300x157.jpg 300w, https:\/\/www.boardridingpass.com\/wp-content\/uploads\/2024\/12\/mock-up-ensemble-copie-1024x536.jpg 1024w, https:\/\/www.boardridingpass.com\/wp-content\/uploads\/2024\/12\/mock-up-ensemble-copie-768x402.jpg 768w, https:\/\/www.boardridingpass.com\/wp-content\/uploads\/2024\/12\/mock-up-ensemble-copie-1536x804.jpg 1536w, https:\/\/www.boardridingpass.com\/wp-content\/uploads\/2024\/12\/mock-up-ensemble-copie-2048x1071.jpg 2048w\" sizes=\"auto, (max-width: 2548px) 100vw, 2548px\" \/><div class=\"wp-block-cover__inner-container is-layout-constrained wp-block-cover-is-layout-constrained\">\n<div class=\"wp-block-columns is-layout-flex wp-container-core-columns-is-layout-9d6595d7 wp-block-columns-is-layout-flex\">\n<div class=\"wp-block-column is-layout-flow wp-block-column-is-layout-flow\" style=\"flex-basis:100%\">\n<div class=\"wp-block-group is-nowrap is-layout-flex wp-container-core-group-is-layout-ad2f72ca wp-block-group-is-layout-flex\">\n<p class=\"has-text-align-center has-large-font-size\"><\/p>\n\n\n\n<div style=\"height:100px;width:350px\" aria-hidden=\"true\" class=\"wp-block-spacer wp-container-content-800e742a\"><\/div>\n\n\n\n<p><em>\n\t\t\t<form id=\"sib_signup_form_1\" method=\"post\" class=\"sib_signup_form\">\n\t\t\t\t<div class=\"sib_loader\" style=\"display:none;\"><img\n\t\t\t\t\t\t\tsrc=\"https:\/\/www.boardridingpass.com\/wp-includes\/images\/spinner.gif\" alt=\"loader\"><\/div>\n\t\t\t\t<input type=\"hidden\" name=\"sib_form_action\" value=\"subscribe_form_submit\">\n\t\t\t\t<input type=\"hidden\" name=\"sib_form_id\" value=\"1\">\n                <input type=\"hidden\" name=\"sib_form_alert_notice\" value=\"Encore r\u00e2t\u00e9, une case doit \u00eatre vide !\">\n                <input type=\"hidden\" name=\"sib_form_invalid_email_notice\" value=\"Votre email n&#039;est pas valide, peut \u00eatre que tu as du sel dans les yeux !\">\n                <input type=\"hidden\" name=\"sib_security\" value=\"c09259711e\">\n\t\t\t\t<div class=\"sib_signup_box_inside_1\">\n\t\t\t\t\t<div style=\"\/*display:none*\/\" class=\"sib_msg_disp\">\n\t\t\t\t\t<\/div>\n                    \t\t\t\t\t<p align=\"center\" class=\"sib-email-area\"> \r\n  <input type=\"email\" id=\"email\" class=\"is-style-primary\" name=\"email\" placeholder=\"votre@email.com\" required> \r\n<\/p>\r\n\r\n<p align=\"center\"> \r\n  <input type=\"submit\" class=\"is-style-primary\" name=\"submit\" value=\"S'inscrire \u00e0 la newsletter\"> \r\n<\/p>\r\n\r\n\r\n\t\t\t\t<\/div>\n\t\t\t<\/form>\n\t\t\t<style>\n\t\t\t\tform#sib_signup_form_1 p.sib-alert-message {\n    padding: 6px 12px;\n    margin-bottom: 20px;\n    border: 1px solid transparent;\n    border-radius: 4px;\n    -webkit-box-sizing: border-box;\n    -moz-box-sizing: border-box;\n    box-sizing: border-box;\n}\nform#sib_signup_form_1 p.sib-alert-message-error {\n    background-color: #f2dede;\n    border-color: #ebccd1;\n    color: #a94442;\n}\nform#sib_signup_form_1 p.sib-alert-message-success {\n    background-color: #dff0d8;\n    border-color: #d6e9c6;\n    color: #3c763d;\n}\nform#sib_signup_form_1 p.sib-alert-message-warning {\n    background-color: #fcf8e3;\n    border-color: #faebcc;\n    color: #8a6d3b;\n}\n\t\t\t<\/style>\n\t\t\t<\/em><\/p>\n<\/div>\n<\/div>\n<\/div>\n<\/div><\/div>\n\n\n\n<div id=\"wp-block-themeisle-blocks-advanced-columns-5be898d6\" class=\"wp-block-themeisle-blocks-advanced-columns alignfull has-3-columns has-desktop-equal-layout has-tablet-equal-layout has-mobile-collapsedRows-layout has-vertical-center\"><div class=\"wp-block-themeisle-blocks-advanced-columns-overlay\"><\/div><div class=\"innerblocks-wrap\">\n<div id=\"wp-block-themeisle-blocks-advanced-column-2082b1bd\" class=\"wp-block-themeisle-blocks-advanced-column\">\n<figure class=\"wp-block-image size-large is-style-default\" id=\"wp-block-themeisle-blocks-image-4234bf87\"><img loading=\"lazy\" decoding=\"async\" width=\"720\" height=\"720\" src=\"https:\/\/www.boardridingpass.com\/wp-content\/uploads\/2025\/03\/9e979f5d-fbd4-4a85-be2c-6170f0d382f5-edited.jpg\" alt=\"\" class=\"wp-image-519\" srcset=\"https:\/\/www.boardridingpass.com\/wp-content\/uploads\/2025\/03\/9e979f5d-fbd4-4a85-be2c-6170f0d382f5-edited.jpg 720w, https:\/\/www.boardridingpass.com\/wp-content\/uploads\/2025\/03\/9e979f5d-fbd4-4a85-be2c-6170f0d382f5-edited-300x300.jpg 300w, https:\/\/www.boardridingpass.com\/wp-content\/uploads\/2025\/03\/9e979f5d-fbd4-4a85-be2c-6170f0d382f5-edited-150x150.jpg 150w\" sizes=\"auto, (max-width: 720px) 100vw, 720px\" \/><\/figure>\n<\/div>\n\n\n\n<div id=\"wp-block-themeisle-blocks-advanced-column-f6cba639\" class=\"wp-block-themeisle-blocks-advanced-column\">\n<figure class=\"wp-block-image size-large\" id=\"wp-block-themeisle-blocks-image-74496fe5\"><img loading=\"lazy\" decoding=\"async\" width=\"908\" height=\"908\" src=\"https:\/\/www.boardridingpass.com\/wp-content\/uploads\/2025\/03\/93197f83-b6f9-4c3f-aa0b-838ac05e9fe4-edited.jpg\" alt=\"\" class=\"wp-image-520\" srcset=\"https:\/\/www.boardridingpass.com\/wp-content\/uploads\/2025\/03\/93197f83-b6f9-4c3f-aa0b-838ac05e9fe4-edited.jpg 908w, https:\/\/www.boardridingpass.com\/wp-content\/uploads\/2025\/03\/93197f83-b6f9-4c3f-aa0b-838ac05e9fe4-edited-300x300.jpg 300w, https:\/\/www.boardridingpass.com\/wp-content\/uploads\/2025\/03\/93197f83-b6f9-4c3f-aa0b-838ac05e9fe4-edited-150x150.jpg 150w, https:\/\/www.boardridingpass.com\/wp-content\/uploads\/2025\/03\/93197f83-b6f9-4c3f-aa0b-838ac05e9fe4-edited-768x768.jpg 768w\" sizes=\"auto, (max-width: 908px) 100vw, 908px\" \/><\/figure>\n<\/div>\n\n\n\n<div id=\"wp-block-themeisle-blocks-advanced-column-4248076a\" class=\"wp-block-themeisle-blocks-advanced-column\">\n<figure class=\"wp-block-image size-large\" id=\"wp-block-themeisle-blocks-image-88fbcbbd\"><img loading=\"lazy\" decoding=\"async\" width=\"720\" height=\"720\" src=\"https:\/\/www.boardridingpass.com\/wp-content\/uploads\/2025\/03\/e64a0986-f61a-4400-8102-17e4661c32ce-edited.jpg\" alt=\"\" class=\"wp-image-521\" srcset=\"https:\/\/www.boardridingpass.com\/wp-content\/uploads\/2025\/03\/e64a0986-f61a-4400-8102-17e4661c32ce-edited.jpg 720w, https:\/\/www.boardridingpass.com\/wp-content\/uploads\/2025\/03\/e64a0986-f61a-4400-8102-17e4661c32ce-edited-300x300.jpg 300w, https:\/\/www.boardridingpass.com\/wp-content\/uploads\/2025\/03\/e64a0986-f61a-4400-8102-17e4661c32ce-edited-150x150.jpg 150w\" sizes=\"auto, (max-width: 720px) 100vw, 720px\" \/><\/figure>\n<\/div>\n<\/div><\/div>\n","protected":false},"excerpt":{"rendered":"","protected":false},"author":1,"featured_media":0,"parent":0,"menu_order":0,"comment_status":"closed","ping_status":"closed","template":"","meta":{"neve_meta_sidebar":"default","neve_meta_container":"default","neve_meta_enable_content_width":"on","neve_meta_content_width":100,"neve_meta_title_alignment":"","neve_meta_author_avatar":"","neve_post_elements_order":"","neve_meta_disable_header":"","neve_meta_disable_footer":"","neve_meta_disable_title":"on","_themeisle_gutenberg_block_has_review":false,"footnotes":""},"class_list":["post-309","page","type-page","status-publish","hentry"],"_links":{"self":[{"href":"https:\/\/www.boardridingpass.com\/index.php\/wp-json\/wp\/v2\/pages\/309","targetHints":{"allow":["GET"]}}],"collection":[{"href":"https:\/\/www.boardridingpass.com\/index.php\/wp-json\/wp\/v2\/pages"}],"about":[{"href":"https:\/\/www.boardridingpass.com\/index.php\/wp-json\/wp\/v2\/types\/page"}],"author":[{"embeddable":true,"href":"https:\/\/www.boardridingpass.com\/index.php\/wp-json\/wp\/v2\/users\/1"}],"replies":[{"embeddable":true,"href":"https:\/\/www.boardridingpass.com\/index.php\/wp-json\/wp\/v2\/comments?post=309"}],"version-history":[{"count":148,"href":"https:\/\/www.boardridingpass.com\/index.php\/wp-json\/wp\/v2\/pages\/309\/revisions"}],"predecessor-version":[{"id":1014,"href":"https:\/\/www.boardridingpass.com\/index.php\/wp-json\/wp\/v2\/pages\/309\/revisions\/1014"}],"wp:attachment":[{"href":"https:\/\/www.boardridingpass.com\/index.php\/wp-json\/wp\/v2\/media?parent=309"}],"curies":[{"name":"wp","href":"https:\/\/api.w.org\/{rel}","templated":true}]}}